{"id":2,"date":"2023-01-11T19:06:37","date_gmt":"2023-01-11T19:06:37","guid":{"rendered":"http:\/\/effectus.ind.br\/?page_id=2"},"modified":"2025-09-24T17:02:23","modified_gmt":"2025-09-24T17:02:23","slug":"sample-page","status":"publish","type":"page","link":"https:\/\/effectus.ind.br\/index.php\/sample-page\/","title":{"rendered":""},"content":{"rendered":"\t\t<div data-elementor-type=\"wp-page\" data-elementor-id=\"2\" class=\"elementor elementor-2\">\n\t\t\t\t\t\t<section class=\"elementor-section elementor-top-section elementor-element elementor-element-706380ba elementor-section-boxed elementor-section-height-default elementor-section-height-default wpr-particle-no wpr-jarallax-no wpr-parallax-no wpr-sticky-section-no\" data-id=\"706380ba\" data-element_type=\"section\">\n\t\t\t\t\t\t<div class=\"elementor-container elementor-column-gap-default\">\n\t\t\t\t\t<div class=\"elementor-column elementor-col-100 elementor-top-column elementor-element elementor-element-3f5726ea\" data-id=\"3f5726ea\" data-element_type=\"column\">\n\t\t\t<div class=\"elementor-widget-wrap elementor-element-populated\">\n\t\t\t\t\t\t\t<\/div>\n\t\t<\/div>\n\t\t\t\t\t<\/div>\n\t\t<\/section>\n\t\t<div class=\"elementor-element elementor-element-88e5a74 e-grid e-con-boxed wpr-particle-no wpr-jarallax-no wpr-parallax-no wpr-sticky-section-no e-con e-parent\" data-id=\"88e5a74\" data-element_type=\"container\">\n\t\t\t\t\t<div class=\"e-con-inner\">\n\t\t\t\t\t<\/div>\n\t\t\t\t<\/div>\n\t\t\t\t<section class=\"elementor-section elementor-top-section elementor-element elementor-element-5daf5cd90 elementor-section-boxed elementor-section-height-default elementor-section-height-default wpr-particle-no wpr-jarallax-no wpr-parallax-no wpr-sticky-section-no\" data-id=\"5daf5cd90\" data-element_type=\"section\">\n\t\t\t\t\t\t<div class=\"elementor-container elementor-column-gap-default\">\n\t\t\t\t\t<div class=\"elementor-column elementor-col-100 elementor-top-column elementor-element elementor-element-4550b723\" data-id=\"4550b723\" data-element_type=\"column\">\n\t\t\t<div class=\"elementor-widget-wrap elementor-element-populated\">\n\t\t\t\t\t\t<div class=\"elementor-element elementor-element-248f63f7 wpr-grid-columns-1 wpr-grid-columns--tablet1 wpr-grid-columns--mobile1 wpr-grid-pagination-center wpr-item-styles-inner elementor-widget elementor-widget-wpr-grid\" data-id=\"248f63f7\" data-element_type=\"widget\" data-widget_type=\"wpr-grid.default\">\n\t\t\t\t<div class=\"elementor-widget-container\">\n\t\t\t\t\t<ul class=\"wpr-grid-filters elementor-clearfix wpr-grid-filters-sep-right\"><li class=\" wpr-pointer-none wpr-pointer-line-fx wpr-pointer-fx-none\"><span  data-filter=\"*\" class=\"wpr-grid-filters-item wpr-active-filter \">All<\/span><em class=\"wpr-grid-filters-sep\"><\/em><\/li><li class=\" wpr-pointer-none wpr-pointer-line-fx wpr-pointer-fx-none\"><span   data-ajax-filter=[\"category\",\"https-effectus-ind-br-index-php-sample-page\"]  data-filter=\".category-https-effectus-ind-br-index-php-sample-page\">Blog<\/span><em class=\"wpr-grid-filters-sep\"><\/em><\/li><\/ul><section class=\"wpr-grid elementor-clearfix\" data-settings=\"{&quot;layout&quot;:&quot;list&quot;,&quot;stick_last_element_to_bottom&quot;:&quot;no&quot;,&quot;columns_desktop&quot;:1,&quot;gutter_hr&quot;:25,&quot;gutter_hr_mobile&quot;:25,&quot;gutter_hr_mobile_extra&quot;:25,&quot;gutter_hr_tablet&quot;:25,&quot;gutter_hr_tablet_extra&quot;:25,&quot;gutter_hr_laptop&quot;:25,&quot;gutter_hr_widescreen&quot;:25,&quot;gutter_vr&quot;:50,&quot;gutter_vr_mobile&quot;:50,&quot;gutter_vr_mobile_extra&quot;:50,&quot;gutter_vr_tablet&quot;:50,&quot;gutter_vr_tablet_extra&quot;:50,&quot;gutter_vr_laptop&quot;:50,&quot;gutter_vr_widescreen&quot;:50,&quot;animation&quot;:&quot;default&quot;,&quot;animation_duration&quot;:0.3,&quot;animation_delay&quot;:0.1,&quot;deeplinking&quot;:&quot;&quot;,&quot;filters_linkable&quot;:&quot;no&quot;,&quot;filters_default_filter&quot;:&quot;&quot;,&quot;filters_count&quot;:&quot;&quot;,&quot;filters_hide_empty&quot;:&quot;yes&quot;,&quot;filters_animation&quot;:&quot;default&quot;,&quot;filters_animation_duration&quot;:0.3,&quot;filters_animation_delay&quot;:0.1,&quot;pagination_type&quot;:&quot;numbered&quot;,&quot;pagination_max_pages&quot;:3,&quot;media_align&quot;:&quot;left&quot;,&quot;media_width&quot;:30,&quot;media_distance&quot;:30,&quot;lightbox&quot;:{&quot;selector&quot;:&quot;.wpr-grid-image-wrap&quot;,&quot;iframeMaxWidth&quot;:&quot;60%&quot;,&quot;hash&quot;:false,&quot;autoplay&quot;:&quot;true&quot;,&quot;pause&quot;:5000,&quot;progressBar&quot;:&quot;true&quot;,&quot;counter&quot;:&quot;true&quot;,&quot;controls&quot;:&quot;true&quot;,&quot;getCaptionFromTitleOrAlt&quot;:&quot;true&quot;,&quot;thumbnail&quot;:&quot;&quot;,&quot;showThumbByDefault&quot;:&quot;&quot;,&quot;share&quot;:&quot;&quot;,&quot;zoom&quot;:&quot;true&quot;,&quot;fullScreen&quot;:&quot;true&quot;,&quot;download&quot;:&quot;true&quot;}}\"><article class=\"wpr-grid-item elementor-clearfix post-1713 post type-post status-publish format-standard hentry category-https-effectus-ind-br-index-php-sample-page\"><div class=\"wpr-grid-item-inner\"><div class=\"wpr-grid-item-below-content elementor-clearfix\"><h2 class=\"wpr-grid-item-title elementor-repeater-item-2d29edf wpr-grid-item-display-block wpr-grid-item-align-left wpr-pointer-none wpr-pointer-line-fx wpr-pointer-fx-fade\"><div class=\"inner-block\"><a target=\"_self\"  href=\"https:\/\/effectus.ind.br\/index.php\/2026\/03\/23\/relevancia-da-mulher-no-campo\/\">Relev\u00e2ncia da mulher no campo<\/a><\/div><\/h2><div class=\"wpr-grid-item-excerpt elementor-repeater-item-0025724 wpr-grid-item-display-block wpr-grid-item-align-left\"><div class=\"inner-block\"><p>Atualmente o Agroneg\u00f3cio movimenta cerca de \u00bc do PIB nacional, sendo um dos pilaresfundamentais da economia brasileira. Emprega aproximadamente 28 milh\u00f5es de pessoas, n\u00fameroeste que pode aumentar em \u00e9poca de safra e coloca o Brasil como um dos maiores l\u00edderes emexporta\u00e7\u00e3o de alimentos no mundo.Que o agro \u00e9 importante no Brasil e no mundo, n\u00f3s j\u00e1 sabemos. Mas, qual a import\u00e2nciadas mulheres nesse cen\u00e1rio? Nos \u00faltimos anos, tem-se...<\/p><\/div><\/div><div class=\"wpr-grid-item-read-more elementor-repeater-item-716d6c5 wpr-grid-item-display-block wpr-grid-item-align-left\"><div class=\"inner-block\"><a target=\"_self\" href=\"https:\/\/effectus.ind.br\/index.php\/2026\/03\/23\/relevancia-da-mulher-no-campo\/\" class=\"wpr-button-effect wpr-button-none\"><span>Leia mais<\/span><\/a><\/div><\/div><\/div><\/div><\/article><article class=\"wpr-grid-item elementor-clearfix post-1645 post type-post status-publish format-standard has-post-thumbnail hentry category-https-effectus-ind-br-index-php-sample-page\"><div class=\"wpr-grid-item-inner\"><div class=\"wpr-grid-media-wrap wpr-effect-size-medium \" data-overlay-link=\"yes\"><div class=\"wpr-grid-image-wrap\" data-src=\"https:\/\/effectus.ind.br\/wp-content\/uploads\/elementor\/thumbs\/IMG_1157-rht3wh5ha50zhnu4e67nf6o0i87a5siwabebon6jeg.png\" data-img-on-hover=\"\"  data-src-secondary=\"\"><img decoding=\"async\" data-no-lazy=\"1\" src=\"https:\/\/effectus.ind.br\/wp-content\/uploads\/elementor\/thumbs\/IMG_1157-rht3wh5ha50zhnu4e67nf6o0i87a5siwabebon6jeg.png\" alt=\"A import\u00e2ncia do Enxofre (S) para as frut\u00edferas\" class=\"wpr-anim-timing-ease-default\"><\/div><div class=\"wpr-grid-media-hover wpr-animation-wrap\"><div class=\"wpr-grid-media-hover-bg  wpr-overlay-fade-in wpr-anim-size-large wpr-anim-timing-ease-default wpr-anim-transparency\" data-url=\"https:\/\/effectus.ind.br\/index.php\/2026\/01\/17\/a-importancia-do-enxofre-s-para-as-frutiferas\/\"><\/div><\/div><\/div><div class=\"wpr-grid-item-below-content elementor-clearfix\"><h2 class=\"wpr-grid-item-title elementor-repeater-item-2d29edf wpr-grid-item-display-block wpr-grid-item-align-left wpr-pointer-none wpr-pointer-line-fx wpr-pointer-fx-fade\"><div class=\"inner-block\"><a target=\"_self\"  href=\"https:\/\/effectus.ind.br\/index.php\/2026\/01\/17\/a-importancia-do-enxofre-s-para-as-frutiferas\/\">A import\u00e2ncia do Enxofre (S) para as frut\u00edferas<\/a><\/div><\/h2><div class=\"wpr-grid-item-excerpt elementor-repeater-item-0025724 wpr-grid-item-display-block wpr-grid-item-align-left\"><div class=\"inner-block\"><p>Que o enxofre \u00e9 um macronutriente essencial para o funcionamento adequado de todas as plantas, todo mundo j\u00e1 sabe. Mas, voc\u00ea sabe exatamente o porqu\u00ea? Apesar de ser comumente ofuscado e esquecido, o enxofre \u00e9 classificado como um macronutriente secund\u00e1rio, juntamente com o c\u00e1lcio e o magn\u00e9sio, ou seja, \u00e9 necess\u00e1rio em maiores quantidades pelas plantas. Embora muitas vezes n\u00e3o apare\u00e7a nas listas de produtores, ele \u00e9 essencial...<\/p><\/div><\/div><div class=\"wpr-grid-item-read-more elementor-repeater-item-716d6c5 wpr-grid-item-display-block wpr-grid-item-align-left\"><div class=\"inner-block\"><a target=\"_self\" href=\"https:\/\/effectus.ind.br\/index.php\/2026\/01\/17\/a-importancia-do-enxofre-s-para-as-frutiferas\/\" class=\"wpr-button-effect wpr-button-none\"><span>Leia mais<\/span><\/a><\/div><\/div><\/div><\/div><\/article><article class=\"wpr-grid-item elementor-clearfix post-1624 post type-post status-publish format-standard has-post-thumbnail hentry category-https-effectus-ind-br-index-php-sample-page\"><div class=\"wpr-grid-item-inner\"><div class=\"wpr-grid-media-wrap wpr-effect-size-medium \" data-overlay-link=\"yes\"><div class=\"wpr-grid-image-wrap\" data-src=\"https:\/\/effectus.ind.br\/wp-content\/uploads\/elementor\/thumbs\/WhatsApp-Image-2025-12-05-at-14.45.56-rfpy0i1ij5dkgi5ywt66o9a69tfghwqh1sy0fevzco.jpeg\" data-img-on-hover=\"\"  data-src-secondary=\"\"><img decoding=\"async\" data-no-lazy=\"1\" src=\"https:\/\/effectus.ind.br\/wp-content\/uploads\/elementor\/thumbs\/WhatsApp-Image-2025-12-05-at-14.45.56-rfpy0i1ij5dkgi5ywt66o9a69tfghwqh1sy0fevzco.jpeg\" alt=\"Amostra T\u00e9cnica Toledo\" class=\"wpr-anim-timing-ease-default\"><\/div><div class=\"wpr-grid-media-hover wpr-animation-wrap\"><div class=\"wpr-grid-media-hover-bg  wpr-overlay-fade-in wpr-anim-size-large wpr-anim-timing-ease-default wpr-anim-transparency\" data-url=\"https:\/\/effectus.ind.br\/index.php\/2025\/12\/05\/amostra-tecnica-toledo\/\"><\/div><\/div><\/div><div class=\"wpr-grid-item-below-content elementor-clearfix\"><h2 class=\"wpr-grid-item-title elementor-repeater-item-2d29edf wpr-grid-item-display-block wpr-grid-item-align-left wpr-pointer-none wpr-pointer-line-fx wpr-pointer-fx-fade\"><div class=\"inner-block\"><a target=\"_self\"  href=\"https:\/\/effectus.ind.br\/index.php\/2025\/12\/05\/amostra-tecnica-toledo\/\">Amostra T\u00e9cnica Toledo<\/a><\/div><\/h2><div class=\"wpr-grid-item-excerpt elementor-repeater-item-0025724 wpr-grid-item-display-block wpr-grid-item-align-left\"><div class=\"inner-block\"><p>Quando a teoria vira pr\u00e1tica: a XVI Amostra T\u00e9cnica do Col\u00e9gio Agr\u00edcola de Toledo-PR No cora\u00e7\u00e3o do agroneg\u00f3cio paranaense, o Col\u00e9gio Agr\u00edcola Estadual de Toledo (CAET) promoveu a 16\u00aa Mostra T\u00e9cnica, um evento que vai muito al\u00e9m de uma simples feira escolar: \u00e9 um laborat\u00f3rio vivo do futuro do campo. Os alunos transformaram teoria em pr\u00e1tica, mostrando com orgulho o que constru\u00edram ao longo de tr\u00eas anos de...<\/p><\/div><\/div><div class=\"wpr-grid-item-read-more elementor-repeater-item-716d6c5 wpr-grid-item-display-block wpr-grid-item-align-left\"><div class=\"inner-block\"><a target=\"_self\" href=\"https:\/\/effectus.ind.br\/index.php\/2025\/12\/05\/amostra-tecnica-toledo\/\" class=\"wpr-button-effect wpr-button-none\"><span>Leia mais<\/span><\/a><\/div><\/div><\/div><\/div><\/article><\/section><div class=\"wpr-grid-pagination elementor-clearfix wpr-grid-pagination-numbered\"><div class=\"wpr-grid-pagi-left-arrows\"><span class=\"wpr-prev-page wpr-disabled-arrow\"><i class=\"fas fa-angle-double-left\"><\/i><span>Prev<\/span><\/span><\/div><span class=\"wpr-grid-current-page\">1<\/span><a href=\"https:\/\/effectus.ind.br\/index.php\/wp-json\/wp\/v2\/pages\/2\/page\/2\/\">2<\/a><a href=\"https:\/\/effectus.ind.br\/index.php\/wp-json\/wp\/v2\/pages\/2\/page\/3\/\">3<\/a><div class=\"wpr-grid-pagi-right-arrows\"><a href=\"https:\/\/effectus.ind.br\/index.php\/wp-json\/wp\/v2\/pages\/2\/page\/2\/\" class=\"wpr-next-page\"><span>Next<\/span><i class=\"fas fa-angle-double-right\"><\/i><\/a><\/div><\/div>\t\t\t\t<\/div>\n\t\t\t\t<\/div>\n\t\t\t\t\t<\/div>\n\t\t<\/div>\n\t\t\t\t\t<\/div>\n\t\t<\/section>\n\t\t\t\t<\/div>\n\t\t","protected":false},"excerpt":{"rendered":"<p>All Blog Qual a import\u00e2ncia das pr\u00e1ticas sustent\u00e1veis no campo? O solo \u00e9 a ferramenta fundamental para que um grande produtor tenha sucesso na sua lavoura, mas \u00e9 necess\u00e1rio lembrar que o solo \u00e9 um recurso esgot\u00e1vel se n\u00e3o houver um bom manejo, praticas sustent\u00e1veis pode leva-lo a sua degrada\u00e7\u00e3o, deteriorando a funcionalidade desse solo. \u00c9 fundamental adotar praticas agr\u00edcolas que visam proteger a qualidade da terra, garantindo a fertilidade do solo e evitando eros\u00f5es. Iremos apresentar algumas&#8230; Leia mais Horta escolar com Effectus Horta escolar como estrat\u00e9gia sustent\u00e1vel e de aprendizagem Implantar uma horta em ambiente escolar vai muito al\u00e9m de cultivar hortali\u00e7as.\u00a0 Trata-se de uma ferramenta pedag\u00f3gica poderosa, capaz de unir educa\u00e7\u00e3o ambiental, h\u00e1bitos alimentares saud\u00e1veis e pr\u00e1ticas agr\u00edcolas sustent\u00e1veis. Esse projeto escolar teve como objetivo n\u00e3o apenas criar e cuidar de uma horta, mas tamb\u00e9m avaliar o impacto do uso de fertilizante no desenvolvimento das plantas.\u00a0 A ideia era&#8230; Leia mais Mariangela Hungria: o Nobel da Agricultura que nasceu da microbiologia brasileira A microbiologista Mariangela Hungria, acaba de ser laureada com o World Food Prize2025, tamb\u00e9m conhecido como o \u201cNobel da Agricultura\u201d \u2014 uma honra jamais concedida a uma brasileira at\u00e9 hoje. Uma vis\u00e3o que virou transforma\u00e7\u00e3o concreta H\u00e1 mais de 40 anos, a cientista investiga formas de usar bact\u00e9rias do solo para substituir fertilizantes qu\u00edmicos \u2014 um conceito ousado que inicialmente era visto com ceticismo. Ela isolou Bradyrhizobium, ideal&#8230; Leia mais<\/p>\n","protected":false},"author":1,"featured_media":0,"parent":0,"menu_order":0,"comment_status":"closed","ping_status":"open","template":"","meta":{"neve_meta_sidebar":"","neve_meta_container":"","neve_meta_enable_content_width":"","neve_meta_content_width":0,"neve_meta_title_alignment":"","neve_meta_author_avatar":"","neve_post_elements_order":"","neve_meta_disable_header":"","neve_meta_disable_footer":"","neve_meta_disable_title":"","_joinchat":[],"footnotes":""},"class_list":["post-2","page","type-page","status-publish","hentry"],"_links":{"self":[{"href":"https:\/\/effectus.ind.br\/index.php\/wp-json\/wp\/v2\/pages\/2","targetHints":{"allow":["GET"]}}],"collection":[{"href":"https:\/\/effectus.ind.br\/index.php\/wp-json\/wp\/v2\/pages"}],"about":[{"href":"https:\/\/effectus.ind.br\/index.php\/wp-json\/wp\/v2\/types\/page"}],"author":[{"embeddable":true,"href":"https:\/\/effectus.ind.br\/index.php\/wp-json\/wp\/v2\/users\/1"}],"replies":[{"embeddable":true,"href":"https:\/\/effectus.ind.br\/index.php\/wp-json\/wp\/v2\/comments?post=2"}],"version-history":[{"count":42,"href":"https:\/\/effectus.ind.br\/index.php\/wp-json\/wp\/v2\/pages\/2\/revisions"}],"predecessor-version":[{"id":1544,"href":"https:\/\/effectus.ind.br\/index.php\/wp-json\/wp\/v2\/pages\/2\/revisions\/1544"}],"wp:attachment":[{"href":"https:\/\/effectus.ind.br\/index.php\/wp-json\/wp\/v2\/media?parent=2"}],"curies":[{"name":"wp","href":"https:\/\/api.w.org\/{rel}","templated":true}]}}