{"id":315,"date":"2023-02-23T23:19:38","date_gmt":"2023-02-23T23:19:38","guid":{"rendered":"https:\/\/effectus.ind.br\/?page_id=315"},"modified":"2026-01-19T14:01:05","modified_gmt":"2026-01-19T14:01:05","slug":"sano","status":"publish","type":"page","link":"https:\/\/effectus.ind.br\/index.php\/sano\/","title":{"rendered":"Sano"},"content":{"rendered":"\t\t<div data-elementor-type=\"wp-page\" data-elementor-id=\"315\" class=\"elementor elementor-315\">\n\t\t\t\t<div class=\"elementor-element elementor-element-40664fe e-flex e-con-boxed wpr-particle-no wpr-jarallax-no wpr-parallax-no wpr-sticky-section-no e-con e-parent\" data-id=\"40664fe\" data-element_type=\"container\" data-settings=\"{&quot;background_background&quot;:&quot;classic&quot;}\">\n\t\t\t\t\t<div class=\"e-con-inner\">\n\t\t<div class=\"elementor-element elementor-element-c800be9 e-con-full e-flex wpr-particle-no wpr-jarallax-no wpr-parallax-no wpr-sticky-section-no e-con e-child\" data-id=\"c800be9\" data-element_type=\"container\">\n\t\t\t\t<div class=\"elementor-element elementor-element-1583873 elementor-widget__width-initial elementor-widget elementor-widget-image\" data-id=\"1583873\" data-element_type=\"widget\" data-widget_type=\"image.default\">\n\t\t\t\t<div class=\"elementor-widget-container\">\n\t\t\t\t\t\t\t\t\t\t\t\t\t\t\t<img fetchpriority=\"high\" decoding=\"async\" width=\"2000\" height=\"2000\" src=\"https:\/\/effectus.ind.br\/wp-content\/uploads\/2026\/01\/SANO_02.png\" class=\"attachment-full size-full wp-image-1652 no-lazy\" alt=\"\" srcset=\"https:\/\/effectus.ind.br\/wp-content\/uploads\/2026\/01\/SANO_02.png 2000w, https:\/\/effectus.ind.br\/wp-content\/uploads\/2026\/01\/SANO_02-300x300.png 300w, https:\/\/effectus.ind.br\/wp-content\/uploads\/2026\/01\/SANO_02-1024x1024.png 1024w, https:\/\/effectus.ind.br\/wp-content\/uploads\/2026\/01\/SANO_02-150x150.png 150w, https:\/\/effectus.ind.br\/wp-content\/uploads\/2026\/01\/SANO_02-768x768.png 768w, https:\/\/effectus.ind.br\/wp-content\/uploads\/2026\/01\/SANO_02-1536x1536.png 1536w\" sizes=\"(max-width: 2000px) 100vw, 2000px\" \/>\t\t\t\t\t\t\t\t\t\t\t\t\t\t\t<\/div>\n\t\t\t\t<\/div>\n\t\t\t\t<\/div>\n\t\t<div class=\"elementor-element elementor-element-89ac180 e-con-full e-flex wpr-particle-no wpr-jarallax-no wpr-parallax-no wpr-sticky-section-no e-con e-child\" data-id=\"89ac180\" data-element_type=\"container\">\n\t\t\t\t<div class=\"elementor-element elementor-element-4db5f43 elementor-widget__width-initial elementor-widget-mobile__width-initial elementor-widget elementor-widget-image\" data-id=\"4db5f43\" data-element_type=\"widget\" data-widget_type=\"image.default\">\n\t\t\t\t<div class=\"elementor-widget-container\">\n\t\t\t\t\t\t\t\t\t\t\t\t\t\t\t<img decoding=\"async\" width=\"632\" height=\"230\" src=\"https:\/\/effectus.ind.br\/wp-content\/uploads\/2023\/02\/sano.png\" class=\"attachment-full size-full wp-image-570 no-lazy\" alt=\"\" srcset=\"https:\/\/effectus.ind.br\/wp-content\/uploads\/2023\/02\/sano.png 632w, https:\/\/effectus.ind.br\/wp-content\/uploads\/2023\/02\/sano-300x109.png 300w\" sizes=\"(max-width: 632px) 100vw, 632px\" \/>\t\t\t\t\t\t\t\t\t\t\t\t\t\t\t<\/div>\n\t\t\t\t<\/div>\n\t\t\t\t<div class=\"elementor-element elementor-element-faf7a11 elementor-widget-mobile__width-initial elementor-widget elementor-widget-text-editor\" data-id=\"faf7a11\" data-element_type=\"widget\" data-widget_type=\"text-editor.default\">\n\t\t\t\t<div class=\"elementor-widget-container\">\n\t\t\t\t\t\t\t\t\t<p><span style=\"font-weight: 400;\"><span style=\"vertical-align: inherit;\"><span style=\"vertical-align: inherit;\">SANO atua como ativador do mecanismo de defesa das plantas.<\/span><\/span><\/span><\/p><p><span style=\"font-weight: 400;\"><span style=\"vertical-align: inherit;\"><span style=\"vertical-align: inherit;\">O cobre presente no SANO participa de muitos processos fisiol\u00f3gicos como a fotoss\u00edntese, a fisiol\u00f3gica, distribui\u00e7\u00e3o de carboidratos, metabolismo de prote\u00ednas e da parede celular.\u00a0<\/span><\/span><\/span><\/p>\t\t\t\t\t\t\t\t<\/div>\n\t\t\t\t<\/div>\n\t\t\t\t<\/div>\n\t\t\t\t\t<\/div>\n\t\t\t\t<\/div>\n\t\t<div class=\"elementor-element elementor-element-9c321aa e-flex e-con-boxed wpr-particle-no wpr-jarallax-no wpr-parallax-no wpr-sticky-section-no e-con e-parent\" data-id=\"9c321aa\" data-element_type=\"container\" data-settings=\"{&quot;background_background&quot;:&quot;classic&quot;}\">\n\t\t\t\t\t<div class=\"e-con-inner\">\n\t\t<div class=\"elementor-element elementor-element-e637613 e-con-full e-flex wpr-particle-no wpr-jarallax-no wpr-parallax-no wpr-sticky-section-no e-con e-child\" data-id=\"e637613\" data-element_type=\"container\">\n\t\t\t\t<div class=\"elementor-element elementor-element-925e8ee elementor-widget__width-initial elementor-widget elementor-widget-text-editor\" data-id=\"925e8ee\" data-element_type=\"widget\" data-widget_type=\"text-editor.default\">\n\t\t\t\t<div class=\"elementor-widget-container\">\n\t\t\t\t\t\t\t\t\t<p style=\"text-align: left;\"><b><span style=\"vertical-align: inherit;\"><span style=\"vertical-align: inherit;\"><span style=\"vertical-align: inherit;\"><span style=\"vertical-align: inherit;\">Benef\u00edcios:<\/span><\/span><\/span><\/span><\/b><\/p><ul style=\"text-align: left;\"><li style=\"font-weight: 400;\" aria-level=\"1\"><span style=\"font-weight: 400;\"><span style=\"vertical-align: inherit;\"><span style=\"vertical-align: inherit;\"><span style=\"vertical-align: inherit;\"><span style=\"vertical-align: inherit;\">Forma\u00e7\u00e3o da parede celular;<\/span><\/span><\/span><\/span><\/span><\/li><li style=\"font-weight: 400;\" aria-level=\"1\"><span style=\"font-weight: 400;\"><span style=\"vertical-align: inherit;\"><span style=\"vertical-align: inherit;\"><span style=\"vertical-align: inherit;\"><span style=\"vertical-align: inherit;\">S\u00edntese de DNA e RNA;<\/span><\/span><\/span><\/span><\/span><\/li><li style=\"font-weight: 400; text-align: left;\" aria-level=\"1\"><span style=\"font-weight: 400;\"><span style=\"vertical-align: inherit;\"><span style=\"vertical-align: inherit;\"><span style=\"vertical-align: inherit;\"><span style=\"vertical-align: inherit;\">Metabolismo de prote\u00ednas.<\/span><\/span><\/span><\/span><\/span><\/li><\/ul>\t\t\t\t\t\t\t\t<\/div>\n\t\t\t\t<\/div>\n\t\t\t\t<\/div>\n\t\t<div class=\"elementor-element elementor-element-5dcc944 e-con-full e-flex wpr-particle-no wpr-jarallax-no wpr-parallax-no wpr-sticky-section-no e-con e-child\" data-id=\"5dcc944\" data-element_type=\"container\">\n\t\t\t\t<div class=\"elementor-element elementor-element-7f67edc elementor-widget__width-initial elementor-widget elementor-widget-text-editor\" data-id=\"7f67edc\" data-element_type=\"widget\" data-widget_type=\"text-editor.default\">\n\t\t\t\t<div class=\"elementor-widget-container\">\n\t\t\t\t\t\t\t\t\t<p><b>Compatibilidades:<\/b><\/p><ul><li style=\"font-weight: 400;\" aria-level=\"1\"><span style=\"font-weight: 400;\">\u00a0\u00a0Fungicidas;<\/span><\/li><li aria-level=\"1\"><span style=\"font-weight: 400;\">\u00a0\u00a0<\/span>Inseticidas<span style=\"font-weight: 400;\">;\u00a0<\/span><\/li><li style=\"font-weight: 400;\" aria-level=\"1\"><span style=\"font-weight: 400;\">\u00a0\u00a0Com \u00f3leos.\u00a0<\/span><\/li><\/ul>\t\t\t\t\t\t\t\t<\/div>\n\t\t\t\t<\/div>\n\t\t\t\t<\/div>\n\t\t\t\t\t<\/div>\n\t\t\t\t<\/div>\n\t\t<div class=\"elementor-element elementor-element-c16923e e-flex e-con-boxed wpr-particle-no wpr-jarallax-no wpr-parallax-no wpr-sticky-section-no e-con e-parent\" data-id=\"c16923e\" data-element_type=\"container\" data-settings=\"{&quot;background_background&quot;:&quot;classic&quot;}\">\n\t\t\t\t\t<div class=\"e-con-inner\">\n\t\t<div class=\"elementor-element elementor-element-3baa713 e-con-full e-flex wpr-particle-no wpr-jarallax-no wpr-parallax-no wpr-sticky-section-no e-con e-child\" data-id=\"3baa713\" data-element_type=\"container\">\n\t\t\t\t<div class=\"elementor-element elementor-element-dafd5b5 elementor-widget elementor-widget-text-editor\" data-id=\"dafd5b5\" data-element_type=\"widget\" data-widget_type=\"text-editor.default\">\n\t\t\t\t<div class=\"elementor-widget-container\">\n\t\t\t\t\t\t\t\t\t<p><b><span style=\"vertical-align: inherit;\"><span style=\"vertical-align: inherit;\">Por que usar?<\/span><\/span><\/b><\/p><p><span style=\"font-weight: 400;\"><span style=\"vertical-align: inherit;\"><span style=\"vertical-align: inherit;\">SANO \u00e9 um fertilizante mineral via foliar que visa fornecer fosfito de cobre com a\u00e7\u00e3o forte no crescimento micelial, a forma\u00e7\u00e3o de espor\u00e2ngios e libera\u00e7\u00e3o de zo\u00f3sporos,\u00a0 auxiliando na resist\u00eancia da planta.<\/span><\/span><\/span><\/p><p><span style=\"font-weight: 400;\"><span style=\"vertical-align: inherit;\"><span style=\"vertical-align: inherit;\">O SANO apresenta ainda a\u00e7\u00e3o sist\u00eamica e atua tamb\u00e9m na prote\u00e7\u00e3o das c\u00e9lulas vegetais <\/span><\/span><\/span><\/p><p><span style=\"font-weight: 400;\"><span style=\"vertical-align: inherit;\"><span style=\"vertical-align: inherit;\">Usando SANO e EFFECTUS SS em conjunto, os resultados ser\u00e3o ainda mais fortes j\u00e1 que os produtos s\u00e3o complementares.<\/span><\/span><\/span><\/p>\t\t\t\t\t\t\t\t<\/div>\n\t\t\t\t<\/div>\n\t\t\t\t<\/div>\n\t\t<div class=\"elementor-element elementor-element-cfbbe46 e-con-full e-flex wpr-particle-no wpr-jarallax-no wpr-parallax-no wpr-sticky-section-no e-con e-child\" data-id=\"cfbbe46\" data-element_type=\"container\">\n\t\t\t\t<div class=\"elementor-element elementor-element-a8bf813 elementor-widget elementor-widget-text-editor\" data-id=\"a8bf813\" data-element_type=\"widget\" data-widget_type=\"text-editor.default\">\n\t\t\t\t<div class=\"elementor-widget-container\">\n\t\t\t\t\t\t\t\t\t<p><b>Informa\u00e7\u00f5es t\u00e9cnicas:<\/b><\/p><p><span style=\"font-weight: 400;\">Densidade: 1,10 g\/cm\u00b3<\/span><\/p><p><span style=\"font-weight: 400;\">Natureza F\u00edsica: Suspens\u00e3o Homog\u00eanea<\/span><\/p><p><span style=\"font-weight: 400;\">Mat\u00e9ria Prima: \u00c1gua, Fosfito de Cobre, Estabilizantes e Agente Acidificante<\/span><\/p><p><span style=\"font-weight: 400;\">N\u00famero de registro do produto no MAPA<\/span><\/p><p><span style=\"font-weight: 400;\">SC 0001686 &#8211; 1 . 000002<\/span><\/p>\t\t\t\t\t\t\t\t<\/div>\n\t\t\t\t<\/div>\n\t\t\t\t<\/div>\n\t\t\t\t\t<\/div>\n\t\t\t\t<\/div>\n\t\t<div class=\"elementor-element elementor-element-be3e6ef e-flex e-con-boxed wpr-particle-no wpr-jarallax-no wpr-parallax-no wpr-sticky-section-no e-con e-parent\" data-id=\"be3e6ef\" data-element_type=\"container\" data-settings=\"{&quot;background_background&quot;:&quot;classic&quot;}\">\n\t\t\t\t\t<div class=\"e-con-inner\">\n\t\t\t\t<div class=\"elementor-element elementor-element-24c2352 elementor-widget elementor-widget-heading\" data-id=\"24c2352\" data-element_type=\"widget\" data-widget_type=\"heading.default\">\n\t\t\t\t<div class=\"elementor-widget-container\">\n\t\t\t\t\t<h2 class=\"elementor-heading-title elementor-size-default\">\n\n\nVeja tamb\u00e9m nosso outros produtos<\/h2>\t\t\t\t<\/div>\n\t\t\t\t<\/div>\n\t\t\t\t<div class=\"elementor-element elementor-element-1fb0c79 elementor-widget-mobile__width-initial elementor-widget__width-initial elementor-widget elementor-widget-htmega-postcarousel-addons\" data-id=\"1fb0c79\" data-element_type=\"widget\" data-settings=\"{&quot;_animation&quot;:&quot;none&quot;,&quot;carousel_post_type&quot;:&quot;page&quot;}\" data-widget_type=\"htmega-postcarousel-addons.default\">\n\t\t\t\t<div class=\"elementor-widget-container\">\n\t\t\t\t\t            <div class=\"post-carousel-wrapper htmega-postcarousel-layout-1 htmega-verticle-center-arrow sid1fb0c79\">\n                <div dir=\"ltr\" class=\"htmega-carousel-activation\" data-settings=\"{&quot;sectionid&quot;:&quot;sid1fb0c79&quot;,&quot;arrows&quot;:true,&quot;arrow_prev_txt&quot;:&quot;&lt;i class=\\&quot;fas fa-angle-left\\&quot;&gt;&lt;\\\/i&gt;&quot;,&quot;arrow_next_txt&quot;:&quot;&lt;i class=\\&quot;fas fa-angle-right\\&quot;&gt;&lt;\\\/i&gt;&quot;,&quot;dots&quot;:false,&quot;autoplay&quot;:false,&quot;autoplay_speed&quot;:3000,&quot;animation_speed&quot;:300,&quot;slloop&quot;:true,&quot;pause_on_hover&quot;:true,&quot;center_mode&quot;:false,&quot;center_padding&quot;:0,&quot;equal_height_column&quot;:false,&quot;equal_height_column_class&quot;:&quot;.post-inner&quot;,&quot;display_columns&quot;:3,&quot;scroll_columns&quot;:1,&quot;tablet_width&quot;:750,&quot;tablet_display_columns&quot;:1,&quot;tablet_scroll_columns&quot;:1,&quot;mobile_width&quot;:480,&quot;mobile_display_columns&quot;:1,&quot;mobile_scroll_columns&quot;:1}\" style=\"display:none;\">\n\n                    \n                                                    <div class=\"htmega-single-post-slide htmega-postslider-layout-1\" >\n                                <div class=\"thumb\">\n                                    <a href=\"https:\/\/effectus.ind.br\/index.php\/nitroquim\/\"><img decoding=\"async\" src=\"https:\/\/effectus.ind.br\/wp-content\/plugins\/ht-mega-for-elementor\/\/assets\/images\/image-placeholder.png\" alt=\"&lt;strong&gt;NITROQUIM&lt;\/strong&gt;\" \/><\/a>\n                                <\/div>\n                                            <div class=\"content \">\n                <div class=\"post-inner\">\n                    \n                    \n                                                <h2><a href=\"https:\/\/effectus.ind.br\/index.php\/nitroquim\/\">NITROQUIM<\/a><\/h2>\n                        \n                    \n                    <p>NITROQUIM \u00e9 um fertilizante mineral foliar composto \u00e0 base de&nbsp;nitrog\u00eanio nas tr\u00eas fontes (amoniacal, am\u00eddica e n\u00edtrica) essenciais para todo<\/p>\n                    \n                                            <div class=\"post-btn\">\n                            <a class=\"readmore-btn\" href=\"https:\/\/effectus.ind.br\/index.php\/nitroquim\/\">Leia Mais<\/a>\n                        <\/div>\n                    \n                <\/div>\n            <\/div>\n                                    <\/div>\n                        \n                        \n                                                    <div class=\"htmega-single-post-slide htmega-postslider-layout-1\" >\n                                <div class=\"thumb\">\n                                    <a href=\"https:\/\/effectus.ind.br\/index.php\/nitromix\/\"><img decoding=\"async\" src=\"https:\/\/effectus.ind.br\/wp-content\/plugins\/ht-mega-for-elementor\/\/assets\/images\/image-placeholder.png\" alt=\"&lt;strong&gt;NITROMIX&lt;\/strong&gt;\" \/><\/a>\n                                <\/div>\n                                            <div class=\"content \">\n                <div class=\"post-inner\">\n                    \n                    \n                                                <h2><a href=\"https:\/\/effectus.ind.br\/index.php\/nitromix\/\">NITROMIX<\/a><\/h2>\n                        \n                    \n                    <p>NITROMIX \u00e9 um adjuvante agr\u00edcola ativador com base nitrogenada nas formas amoniacal, amidica e n\u00edtrica, possui em sua formula\u00e7\u00e3o a<\/p>\n                    \n                                            <div class=\"post-btn\">\n                            <a class=\"readmore-btn\" href=\"https:\/\/effectus.ind.br\/index.php\/nitromix\/\">Leia Mais<\/a>\n                        <\/div>\n                    \n                <\/div>\n            <\/div>\n                                    <\/div>\n                        \n                        \n                                                    <div class=\"htmega-single-post-slide htmega-postslider-layout-1\" >\n                                <div class=\"thumb\">\n                                    <a href=\"https:\/\/effectus.ind.br\/index.php\/four-action\/\"><img decoding=\"async\" src=\"https:\/\/effectus.ind.br\/wp-content\/plugins\/ht-mega-for-elementor\/\/assets\/images\/image-placeholder.png\" alt=\"FOUR ACTION\" \/><\/a>\n                                <\/div>\n                                            <div class=\"content \">\n                <div class=\"post-inner\">\n                    \n                    \n                                                <h2><a href=\"https:\/\/effectus.ind.br\/index.php\/four-action\/\">FOUR ACTION<\/a><\/h2>\n                        \n                    \n                    <p>FOUR ACTION foi desenvolvido para otimizar o desempenho das pulveriza\u00e7\u00f5es agr\u00edcolas, promovendo maior reten\u00e7\u00e3o, cobertura e absor\u00e7\u00e3o dos produtos presentes<\/p>\n                    \n                                            <div class=\"post-btn\">\n                            <a class=\"readmore-btn\" href=\"https:\/\/effectus.ind.br\/index.php\/four-action\/\">Leia Mais<\/a>\n                        <\/div>\n                    \n                <\/div>\n            <\/div>\n                                    <\/div>\n                        \n                        \n                                                    <div class=\"htmega-single-post-slide htmega-postslider-layout-1\" >\n                                <div class=\"thumb\">\n                                    <a href=\"https:\/\/effectus.ind.br\/index.php\/total-nitro\/\"><img decoding=\"async\" src=\"https:\/\/effectus.ind.br\/wp-content\/plugins\/ht-mega-for-elementor\/\/assets\/images\/image-placeholder.png\" alt=\"&lt;strong&gt;TOTAL NITRO&lt;\/strong&gt;\" \/><\/a>\n                                <\/div>\n                                            <div class=\"content \">\n                <div class=\"post-inner\">\n                    \n                    \n                                                <h2><a href=\"https:\/\/effectus.ind.br\/index.php\/total-nitro\/\">TOTAL NITRO<\/a><\/h2>\n                        \n                    \n                    <p>TOTAL NITRO \u00e9 um fertilizante mineral foliar constitu\u00eddo pela combina\u00e7\u00e3o algas marinhas, amino\u00e1cidos e fontes de levedura (amoniacal, am\u00eddica e<\/p>\n                    \n                                            <div class=\"post-btn\">\n                            <a class=\"readmore-btn\" href=\"https:\/\/effectus.ind.br\/index.php\/total-nitro\/\">Leia Mais<\/a>\n                        <\/div>\n                    \n                <\/div>\n            <\/div>\n                                    <\/div>\n                        \n                        \n                                                    <div class=\"htmega-single-post-slide htmega-postslider-layout-1\" >\n                                <div class=\"thumb\">\n                                    <a href=\"https:\/\/effectus.ind.br\/index.php\/sano-plus\/\"><img decoding=\"async\" src=\"https:\/\/effectus.ind.br\/wp-content\/plugins\/ht-mega-for-elementor\/\/assets\/images\/image-placeholder.png\" alt=\"&lt;strong&gt;SANO PLUS&lt;\/strong&gt;\" \/><\/a>\n                                <\/div>\n                                            <div class=\"content \">\n                <div class=\"post-inner\">\n                    \n                    \n                                                <h2><a href=\"https:\/\/effectus.ind.br\/index.php\/sano-plus\/\">SANO PLUS<\/a><\/h2>\n                        \n                    \n                    <p>SANO PLUS \u00e9 um fertilizante mineral foliar , um fosfito de cobre formulado com enxofre e nitrog\u00eanio, elementos que atuam<\/p>\n                    \n                                            <div class=\"post-btn\">\n                            <a class=\"readmore-btn\" href=\"https:\/\/effectus.ind.br\/index.php\/sano-plus\/\">Leia Mais<\/a>\n                        <\/div>\n                    \n                <\/div>\n            <\/div>\n                                    <\/div>\n                        \n                        \n                <\/div>\n            <\/div>\n            \n            \n\n        \t\t\t\t<\/div>\n\t\t\t\t<\/div>\n\t\t\t\t\t<\/div>\n\t\t\t\t<\/div>\n\t\t\t\t<\/div>\n\t\t","protected":false},"excerpt":{"rendered":"<p>SANO atua como ativador do mecanismo de defesa das plantas. O cobre presente no SANO participa de muitos processos fisiol\u00f3gicos como a fotoss\u00edntese, a fisiol\u00f3gica, distribui\u00e7\u00e3o de carboidratos, metabolismo de prote\u00ednas e da parede celular.\u00a0 Benef\u00edcios: Forma\u00e7\u00e3o da parede celular; S\u00edntese de DNA e RNA; Metabolismo de prote\u00ednas. Compatibilidades: \u00a0\u00a0Fungicidas; \u00a0\u00a0Inseticidas;\u00a0 \u00a0\u00a0Com \u00f3leos.\u00a0 Por que usar? SANO \u00e9 um fertilizante mineral via foliar que visa fornecer fosfito de cobre com a\u00e7\u00e3o forte no crescimento micelial, a forma\u00e7\u00e3o de espor\u00e2ngios e libera\u00e7\u00e3o de zo\u00f3sporos,\u00a0 auxiliando na resist\u00eancia da planta. O SANO apresenta ainda a\u00e7\u00e3o sist\u00eamica e atua tamb\u00e9m na prote\u00e7\u00e3o das c\u00e9lulas vegetais Usando SANO e EFFECTUS SS em conjunto, os resultados ser\u00e3o ainda mais fortes j\u00e1 que os produtos s\u00e3o complementares. Informa\u00e7\u00f5es t\u00e9cnicas: Densidade: 1,10 g\/cm\u00b3 Natureza F\u00edsica: Suspens\u00e3o Homog\u00eanea Mat\u00e9ria Prima: \u00c1gua, Fosfito de Cobre, Estabilizantes e Agente Acidificante N\u00famero de registro do produto no MAPA SC 0001686 &#8211; 1 . 000002 Veja tamb\u00e9m nosso outros produtos NITROQUIM NITROQUIM \u00e9 um fertilizante mineral foliar composto \u00e0 base de&nbsp;nitrog\u00eanio nas tr\u00eas fontes (amoniacal, am\u00eddica e n\u00edtrica) essenciais para todo Leia Mais NITROMIX NITROMIX \u00e9 um adjuvante agr\u00edcola ativador com base nitrogenada nas formas amoniacal, amidica e n\u00edtrica, possui em sua formula\u00e7\u00e3o a Leia Mais FOUR ACTION FOUR ACTION foi desenvolvido para otimizar o desempenho das pulveriza\u00e7\u00f5es agr\u00edcolas, promovendo maior reten\u00e7\u00e3o, cobertura e absor\u00e7\u00e3o dos produtos presentes Leia Mais Effectus ORG Effectus ORG\u00ae\ufe0f \u00e9 um fertilizante mineral foliar de alta solubilidade (99%), desenvolvido para r\u00e1pida absor\u00e7\u00e3o pelos tecidos das plantas. Sua Leia Mais TOTAL NITRO TOTAL NITRO \u00e9 um fertilizante mineral foliar constitu\u00eddo pela combina\u00e7\u00e3o algas marinhas, amino\u00e1cidos e fontes de levedura (amoniacal, am\u00eddica e Leia Mais<\/p>\n","protected":false},"author":2,"featured_media":0,"parent":0,"menu_order":0,"comment_status":"closed","ping_status":"closed","template":"page-templates\/template-pagebuilder-full-width.php","meta":{"neve_meta_sidebar":"","neve_meta_container":"","neve_meta_enable_content_width":"","neve_meta_content_width":0,"neve_meta_title_alignment":"","neve_meta_author_avatar":"","neve_post_elements_order":"","neve_meta_disable_header":"","neve_meta_disable_footer":"","neve_meta_disable_title":"","_joinchat":[],"footnotes":""},"class_list":["post-315","page","type-page","status-publish","hentry"],"_links":{"self":[{"href":"https:\/\/effectus.ind.br\/index.php\/wp-json\/wp\/v2\/pages\/315","targetHints":{"allow":["GET"]}}],"collection":[{"href":"https:\/\/effectus.ind.br\/index.php\/wp-json\/wp\/v2\/pages"}],"about":[{"href":"https:\/\/effectus.ind.br\/index.php\/wp-json\/wp\/v2\/types\/page"}],"author":[{"embeddable":true,"href":"https:\/\/effectus.ind.br\/index.php\/wp-json\/wp\/v2\/users\/2"}],"replies":[{"embeddable":true,"href":"https:\/\/effectus.ind.br\/index.php\/wp-json\/wp\/v2\/comments?post=315"}],"version-history":[{"count":167,"href":"https:\/\/effectus.ind.br\/index.php\/wp-json\/wp\/v2\/pages\/315\/revisions"}],"predecessor-version":[{"id":1655,"href":"https:\/\/effectus.ind.br\/index.php\/wp-json\/wp\/v2\/pages\/315\/revisions\/1655"}],"wp:attachment":[{"href":"https:\/\/effectus.ind.br\/index.php\/wp-json\/wp\/v2\/media?parent=315"}],"curies":[{"name":"wp","href":"https:\/\/api.w.org\/{rel}","templated":true}]}}