{"id":394,"date":"2023-02-24T07:22:12","date_gmt":"2023-02-24T07:22:12","guid":{"rendered":"https:\/\/effectus.ind.br\/?page_id=394"},"modified":"2026-01-26T23:26:42","modified_gmt":"2026-01-26T23:26:42","slug":"effectus-ss","status":"publish","type":"page","link":"https:\/\/effectus.ind.br\/index.php\/effectus-ss\/","title":{"rendered":"<strong>Effectus SS<\/strong>"},"content":{"rendered":"\t\t<div data-elementor-type=\"wp-page\" data-elementor-id=\"394\" class=\"elementor elementor-394\">\n\t\t\t\t<div class=\"elementor-element elementor-element-19dc4ea e-flex e-con-boxed wpr-particle-no wpr-jarallax-no wpr-parallax-no wpr-sticky-section-no e-con e-parent\" data-id=\"19dc4ea\" data-element_type=\"container\" data-settings=\"{&quot;background_background&quot;:&quot;classic&quot;}\">\n\t\t\t\t\t<div class=\"e-con-inner\">\n\t\t<div class=\"elementor-element elementor-element-61ada641 e-con-full e-flex wpr-particle-no wpr-jarallax-no wpr-parallax-no wpr-sticky-section-no e-con e-child\" data-id=\"61ada641\" data-element_type=\"container\">\n\t\t\t\t<div class=\"elementor-element elementor-element-19645044 elementor-widget__width-initial elementor-widget elementor-widget-image\" data-id=\"19645044\" data-element_type=\"widget\" data-widget_type=\"image.default\">\n\t\t\t\t<div class=\"elementor-widget-container\">\n\t\t\t\t\t\t\t\t\t\t\t\t\t\t\t<img fetchpriority=\"high\" decoding=\"async\" width=\"2000\" height=\"2000\" src=\"https:\/\/effectus.ind.br\/wp-content\/uploads\/2026\/01\/EFFECTUS_SS_02.png\" class=\"attachment-full size-full wp-image-1656 no-lazy\" alt=\"\" srcset=\"https:\/\/effectus.ind.br\/wp-content\/uploads\/2026\/01\/EFFECTUS_SS_02.png 2000w, https:\/\/effectus.ind.br\/wp-content\/uploads\/2026\/01\/EFFECTUS_SS_02-300x300.png 300w, https:\/\/effectus.ind.br\/wp-content\/uploads\/2026\/01\/EFFECTUS_SS_02-1024x1024.png 1024w, https:\/\/effectus.ind.br\/wp-content\/uploads\/2026\/01\/EFFECTUS_SS_02-150x150.png 150w, https:\/\/effectus.ind.br\/wp-content\/uploads\/2026\/01\/EFFECTUS_SS_02-768x768.png 768w, https:\/\/effectus.ind.br\/wp-content\/uploads\/2026\/01\/EFFECTUS_SS_02-1536x1536.png 1536w\" sizes=\"(max-width: 2000px) 100vw, 2000px\" \/>\t\t\t\t\t\t\t\t\t\t\t\t\t\t\t<\/div>\n\t\t\t\t<\/div>\n\t\t\t\t<\/div>\n\t\t<div class=\"elementor-element elementor-element-2434fb08 e-con-full e-flex wpr-particle-no wpr-jarallax-no wpr-parallax-no wpr-sticky-section-no e-con e-child\" data-id=\"2434fb08\" data-element_type=\"container\">\n\t\t\t\t<div class=\"elementor-element elementor-element-a217ecc elementor-widget__width-initial elementor-widget elementor-widget-image\" data-id=\"a217ecc\" data-element_type=\"widget\" data-widget_type=\"image.default\">\n\t\t\t\t<div class=\"elementor-widget-container\">\n\t\t\t\t\t\t\t\t\t\t\t\t\t\t\t<img decoding=\"async\" width=\"632\" height=\"230\" src=\"https:\/\/effectus.ind.br\/wp-content\/uploads\/2026\/01\/effectus-r.png\" class=\"attachment-full size-full wp-image-1696 no-lazy\" alt=\"\" srcset=\"https:\/\/effectus.ind.br\/wp-content\/uploads\/2026\/01\/effectus-r.png 632w, https:\/\/effectus.ind.br\/wp-content\/uploads\/2026\/01\/effectus-r-300x109.png 300w\" sizes=\"(max-width: 632px) 100vw, 632px\" \/>\t\t\t\t\t\t\t\t\t\t\t\t\t\t\t<\/div>\n\t\t\t\t<\/div>\n\t\t\t\t<div class=\"elementor-element elementor-element-30ab65ea elementor-widget-mobile__width-initial elementor-widget elementor-widget-text-editor\" data-id=\"30ab65ea\" data-element_type=\"widget\" data-widget_type=\"text-editor.default\">\n\t\t\t\t<div class=\"elementor-widget-container\">\n\t\t\t\t\t\t\t\t\t<p>Effectus<strong>\u00ae<\/strong> SS \u00e9 um fertilizante mineral foliar de alta solubilidade (99%), desenvolvido para r\u00e1pida absor\u00e7\u00e3o pelos tecidos das plantas. Sua formula\u00e7\u00e3o eficiente garante o suprimento ideal de enxofre, de acordo com as necessidades nutricionais de cada fase do desenvolvimento das culturas.<\/p><p>Al\u00e9m de nutrir, o Effectus\u00ae contribui significativamente para a sanidade vegetal. Atua como um protetor natural, sendo altamente eficaz no manejo de \u00e1caros, tripes e pulg\u00f5es, gra\u00e7as \u00e0 a\u00e7\u00e3o repelente do g\u00e1s sulf\u00eddrico, que atua como desalojor, potencializando a performance dos inseticidas.<\/p><p>Certificado <strong>Ecocert<\/strong>\u00ae para uso em sistemas de produ\u00e7\u00e3o org\u00e2nica, o Effectus\u00ae refor\u00e7a nosso compromisso com uma agricultura mais sustent\u00e1vel, produtiva e alinhada ao cuidado com o meio ambiente. Acreditamos que um mundo melhor come\u00e7a com planta\u00e7\u00f5es saud\u00e1veis.<\/p><p>O uso deste produto \u00e9 recomendado para diversos tipos de cultivos, tendo obtido resultados significativos na produ\u00e7\u00e3o de grandes culturas.<\/p>\t\t\t\t\t\t\t\t<\/div>\n\t\t\t\t<\/div>\n\t\t\t\t<\/div>\n\t\t\t\t\t<\/div>\n\t\t\t\t<\/div>\n\t\t<div class=\"elementor-element elementor-element-188cc6cb e-flex e-con-boxed wpr-particle-no wpr-jarallax-no wpr-parallax-no wpr-sticky-section-no e-con e-parent\" data-id=\"188cc6cb\" data-element_type=\"container\" data-settings=\"{&quot;background_background&quot;:&quot;classic&quot;}\">\n\t\t\t\t\t<div class=\"e-con-inner\">\n\t\t<div class=\"elementor-element elementor-element-5ccda7c3 e-con-full e-flex wpr-particle-no wpr-jarallax-no wpr-parallax-no wpr-sticky-section-no e-con e-child\" data-id=\"5ccda7c3\" data-element_type=\"container\">\n\t\t\t\t<div class=\"elementor-element elementor-element-37901427 elementor-widget__width-initial elementor-widget elementor-widget-text-editor\" data-id=\"37901427\" data-element_type=\"widget\" data-widget_type=\"text-editor.default\">\n\t\t\t\t<div class=\"elementor-widget-container\">\n\t\t\t\t\t\t\t\t\t<p><b><span style=\"vertical-align: inherit;\"><span style=\"vertical-align: inherit;\">A\u00e7\u00e3o Ferti-Protetora\/Trofobi\u00f3tica<\/span><\/span><\/b><\/p><ul><li style=\"font-weight: 400;\" aria-level=\"1\"><span style=\"font-weight: 400;\"><span style=\"vertical-align: inherit;\"><span style=\"vertical-align: inherit;\">\u00a0A produ\u00e7\u00e3o do teor de enxofre na c\u00e9lula permite uma melhora significativa do sistema proteossint\u00e9tico da planta, promovendo a produ\u00e7\u00e3o imediata de amino\u00e1cidos ligados \u00e0 s\u00edntese de metionina, ciste\u00edna, cistina e taurina.<\/span><\/span><\/span><\/li><\/ul><ul><li style=\"font-weight: 400;\" aria-level=\"1\"><span style=\"font-weight: 400;\"><span style=\"vertical-align: inherit;\"><span style=\"vertical-align: inherit;\">\u00a0Atua no metabolismo do organismo, na fotoss\u00edntese, na liga\u00e7\u00e3o e na redutase do nitrito, aumentando a s\u00edntese de prote\u00edna da planta e assistindo significativamente os ataques de doen\u00e7as e doen\u00e7as em geral.<\/span><\/span><\/span><\/li><\/ul><p><b><span style=\"vertical-align: inherit;\"><span style=\"vertical-align: inherit;\">A\u00e7\u00e3o fisiol\u00f3gica<\/span><\/span><\/b><\/p><ul><li style=\"font-weight: 400;\" aria-level=\"1\"><span style=\"font-weight: 400;\"><span style=\"vertical-align: inherit;\"><span style=\"vertical-align: inherit;\">Entenda-se que a rela\u00e7\u00e3o N\/S de 10 a 12\/1 como ideal para se obter um excelente equil\u00edbrio metab\u00f3lico, melhorando a performance do c\u00e1lcio no ambiente celular, fortalecendo a c\u00e9lula e todo o processo de ativa\u00e7\u00e3o metab\u00f3lica, atingindo o ponto trofobi\u00f3tico perfeito na obten\u00e7\u00e3o das autodefesas bi\u00f3ticas e abi\u00f3ticas.<\/span><\/span><\/span><\/li><\/ul>\t\t\t\t\t\t\t\t<\/div>\n\t\t\t\t<\/div>\n\t\t\t\t<\/div>\n\t\t<div class=\"elementor-element elementor-element-60406270 e-con-full e-flex wpr-particle-no wpr-jarallax-no wpr-parallax-no wpr-sticky-section-no e-con e-child\" data-id=\"60406270\" data-element_type=\"container\">\n\t\t\t\t<div class=\"elementor-element elementor-element-6ec9b72c elementor-widget elementor-widget-text-editor\" data-id=\"6ec9b72c\" data-element_type=\"widget\" data-widget_type=\"text-editor.default\">\n\t\t\t\t<div class=\"elementor-widget-container\">\n\t\t\t\t\t\t\t\t\t<p><b><span style=\"vertical-align: inherit;\"><span style=\"vertical-align: inherit;\">Compatibilidades<\/span><\/span><\/b><\/p><ul><li style=\"font-weight: 400;\" aria-level=\"1\"><span style=\"font-weight: 400;\"><span style=\"vertical-align: inherit;\"><span style=\"vertical-align: inherit;\">Todos os fungicidas (exceto Mertin);<\/span><\/span><\/span><\/li><li style=\"font-weight: 400;\" aria-level=\"1\"><span style=\"font-weight: 400;\"><span style=\"vertical-align: inherit;\"><span style=\"vertical-align: inherit;\">Todos inseticidas;\u00a0<\/span><\/span><\/span><\/li><li style=\"font-weight: 400;\" aria-level=\"1\"><span style=\"font-weight: 400;\"><span style=\"vertical-align: inherit;\"><span style=\"vertical-align: inherit;\">Com \u00f3leos;<\/span><\/span><\/span><\/li><li style=\"font-weight: 400;\" aria-level=\"1\"><span style=\"font-weight: 400;\"><span style=\"vertical-align: inherit;\"><span style=\"vertical-align: inherit;\">Grande maioria de fertilizantes foliares.<\/span><\/span><\/span><\/li><\/ul><p><b><span style=\"vertical-align: inherit;\"><span style=\"vertical-align: inherit;\">Incompatibilidades<\/span><\/span><\/b><\/p><ul><li style=\"font-weight: 400;\" aria-level=\"1\"><span style=\"font-weight: 400;\"><span style=\"vertical-align: inherit;\"><span style=\"vertical-align: inherit;\">\u00a0\u00a0Incompat\u00edvel com todos os herbicidas;<\/span><\/span><\/span><\/li><li style=\"font-weight: 400;\" aria-level=\"1\"><span style=\"font-weight: 400;\"><span style=\"vertical-align: inherit;\"><span style=\"vertical-align: inherit;\">\u00a0\u00a0\u00a0\u00a0Cuidar com as misturas com amino\u00e1cidos.<\/span><\/span><\/span><\/li><\/ul>\t\t\t\t\t\t\t\t<\/div>\n\t\t\t\t<\/div>\n\t\t\t\t<\/div>\n\t\t\t\t\t<\/div>\n\t\t\t\t<\/div>\n\t\t<div class=\"elementor-element elementor-element-4459bfa2 e-flex e-con-boxed wpr-particle-no wpr-jarallax-no wpr-parallax-no wpr-sticky-section-no e-con e-parent\" data-id=\"4459bfa2\" data-element_type=\"container\" data-settings=\"{&quot;background_background&quot;:&quot;classic&quot;}\">\n\t\t\t\t\t<div class=\"e-con-inner\">\n\t\t<div class=\"elementor-element elementor-element-42934c91 e-con-full e-flex wpr-particle-no wpr-jarallax-no wpr-parallax-no wpr-sticky-section-no e-con e-child\" data-id=\"42934c91\" data-element_type=\"container\">\n\t\t\t\t<div class=\"elementor-element elementor-element-37f81da7 elementor-widget elementor-widget-text-editor\" data-id=\"37f81da7\" data-element_type=\"widget\" data-widget_type=\"text-editor.default\">\n\t\t\t\t<div class=\"elementor-widget-container\">\n\t\t\t\t\t\t\t\t\t<p><b><span style=\"vertical-align: inherit;\"><span style=\"vertical-align: inherit;\">Por que usar?<\/span><\/span><\/b><\/p><p><span style=\"font-weight: 400;\"><span style=\"vertical-align: inherit;\"><span style=\"vertical-align: inherit;\">Effectus\u00ae SS confere melhor saude \u00e0s culturas, onde al\u00e9m de agir como protetor, tem excelente efici\u00eancia repel\u00eancia causados pelo g\u00e1s sulf\u00eddrico que acaba se tornando um desalojante gerando melhor desempenho dos inseticidas.<\/span><\/span><\/span><\/p>\t\t\t\t\t\t\t\t<\/div>\n\t\t\t\t<\/div>\n\t\t\t\t<\/div>\n\t\t<div class=\"elementor-element elementor-element-18bb198a e-con-full e-flex wpr-particle-no wpr-jarallax-no wpr-parallax-no wpr-sticky-section-no e-con e-child\" data-id=\"18bb198a\" data-element_type=\"container\">\n\t\t\t\t<div class=\"elementor-element elementor-element-50010c3c elementor-widget__width-initial elementor-widget elementor-widget-text-editor\" data-id=\"50010c3c\" data-element_type=\"widget\" data-widget_type=\"text-editor.default\">\n\t\t\t\t<div class=\"elementor-widget-container\">\n\t\t\t\t\t\t\t\t\t<p><b>Informa\u00e7\u00f5es t\u00e9cnicas:<\/b><\/p><p>Composi\u00e7\u00e3o: Enxofre 21% | Formula\u00e7\u00e3o: Solu\u00e7\u00e3o verdadeira<\/p><p>Grau de Solubilidade: 99,9% | Gradua\u00e7\u00e3o Baum\u00e9: 30 \u2013 32%<\/p><p>Classifica\u00e7\u00e3o: Fertilizante mineral misto para aplica\u00e7\u00e3o foliar<\/p><p>Registro no MAPA: N\u00ba SC SC 003347-2.000001<\/p><p>Fabricante: Brasil Fertilizantes Ltda<\/p>\t\t\t\t\t\t\t\t<\/div>\n\t\t\t\t<\/div>\n\t\t\t\t<\/div>\n\t\t\t\t\t<\/div>\n\t\t\t\t<\/div>\n\t\t<div class=\"elementor-element elementor-element-16334f20 e-flex e-con-boxed wpr-particle-no wpr-jarallax-no wpr-parallax-no wpr-sticky-section-no e-con e-parent\" data-id=\"16334f20\" data-element_type=\"container\" data-settings=\"{&quot;background_background&quot;:&quot;classic&quot;}\">\n\t\t\t\t\t<div class=\"e-con-inner\">\n\t\t\t\t<div class=\"elementor-element elementor-element-79b1b306 elementor-widget elementor-widget-heading\" data-id=\"79b1b306\" data-element_type=\"widget\" data-widget_type=\"heading.default\">\n\t\t\t\t<div class=\"elementor-widget-container\">\n\t\t\t\t\t<h2 class=\"elementor-heading-title elementor-size-default\">\n\n\nVeja tamb\u00e9m nosso outros produtos<\/h2>\t\t\t\t<\/div>\n\t\t\t\t<\/div>\n\t\t\t\t<div class=\"elementor-element elementor-element-768836ef elementor-widget-mobile__width-initial elementor-widget__width-initial elementor-widget elementor-widget-htmega-postcarousel-addons\" data-id=\"768836ef\" data-element_type=\"widget\" data-settings=\"{&quot;_animation&quot;:&quot;none&quot;,&quot;carousel_post_type&quot;:&quot;page&quot;}\" data-widget_type=\"htmega-postcarousel-addons.default\">\n\t\t\t\t<div class=\"elementor-widget-container\">\n\t\t\t\t\t            <div class=\"post-carousel-wrapper htmega-postcarousel-layout-1 htmega-verticle-center-arrow sid768836ef\">\n                <div dir=\"ltr\" class=\"htmega-carousel-activation\" data-settings=\"{&quot;sectionid&quot;:&quot;sid768836ef&quot;,&quot;arrows&quot;:true,&quot;arrow_prev_txt&quot;:&quot;&lt;i class=\\&quot;fas fa-angle-left\\&quot;&gt;&lt;\\\/i&gt;&quot;,&quot;arrow_next_txt&quot;:&quot;&lt;i class=\\&quot;fas fa-angle-right\\&quot;&gt;&lt;\\\/i&gt;&quot;,&quot;dots&quot;:false,&quot;autoplay&quot;:false,&quot;autoplay_speed&quot;:3000,&quot;animation_speed&quot;:300,&quot;slloop&quot;:true,&quot;pause_on_hover&quot;:true,&quot;center_mode&quot;:false,&quot;center_padding&quot;:0,&quot;equal_height_column&quot;:false,&quot;equal_height_column_class&quot;:&quot;.post-inner&quot;,&quot;display_columns&quot;:3,&quot;scroll_columns&quot;:1,&quot;tablet_width&quot;:750,&quot;tablet_display_columns&quot;:1,&quot;tablet_scroll_columns&quot;:1,&quot;mobile_width&quot;:480,&quot;mobile_display_columns&quot;:1,&quot;mobile_scroll_columns&quot;:1}\" style=\"display:none;\">\n\n                    \n                                                    <div class=\"htmega-single-post-slide htmega-postslider-layout-1\" >\n                                <div class=\"thumb\">\n                                    <a href=\"https:\/\/effectus.ind.br\/index.php\/nitroquim\/\"><img decoding=\"async\" src=\"https:\/\/effectus.ind.br\/wp-content\/plugins\/ht-mega-for-elementor\/\/assets\/images\/image-placeholder.png\" alt=\"&lt;strong&gt;NITROQUIM&lt;\/strong&gt;\" \/><\/a>\n                                <\/div>\n                                            <div class=\"content \">\n                <div class=\"post-inner\">\n                    \n                    \n                                                <h2><a href=\"https:\/\/effectus.ind.br\/index.php\/nitroquim\/\">NITROQUIM<\/a><\/h2>\n                        \n                    \n                    <p>NITROQUIM \u00e9 um fertilizante mineral foliar composto \u00e0 base de&nbsp;nitrog\u00eanio nas tr\u00eas fontes (amoniacal, am\u00eddica e n\u00edtrica) essenciais para todo<\/p>\n                    \n                                            <div class=\"post-btn\">\n                            <a class=\"readmore-btn\" href=\"https:\/\/effectus.ind.br\/index.php\/nitroquim\/\">Leia Mais<\/a>\n                        <\/div>\n                    \n                <\/div>\n            <\/div>\n                                    <\/div>\n                        \n                        \n                                                    <div class=\"htmega-single-post-slide htmega-postslider-layout-1\" >\n                                <div class=\"thumb\">\n                                    <a href=\"https:\/\/effectus.ind.br\/index.php\/nitromix\/\"><img decoding=\"async\" src=\"https:\/\/effectus.ind.br\/wp-content\/plugins\/ht-mega-for-elementor\/\/assets\/images\/image-placeholder.png\" alt=\"&lt;strong&gt;NITROMIX&lt;\/strong&gt;\" \/><\/a>\n                                <\/div>\n                                            <div class=\"content \">\n                <div class=\"post-inner\">\n                    \n                    \n                                                <h2><a href=\"https:\/\/effectus.ind.br\/index.php\/nitromix\/\">NITROMIX<\/a><\/h2>\n                        \n                    \n                    <p>NITROMIX \u00e9 um adjuvante agr\u00edcola ativador com base nitrogenada nas formas amoniacal, amidica e n\u00edtrica, possui em sua formula\u00e7\u00e3o a<\/p>\n                    \n                                            <div class=\"post-btn\">\n                            <a class=\"readmore-btn\" href=\"https:\/\/effectus.ind.br\/index.php\/nitromix\/\">Leia Mais<\/a>\n                        <\/div>\n                    \n                <\/div>\n            <\/div>\n                                    <\/div>\n                        \n                        \n                                                    <div class=\"htmega-single-post-slide htmega-postslider-layout-1\" >\n                                <div class=\"thumb\">\n                                    <a href=\"https:\/\/effectus.ind.br\/index.php\/four-action\/\"><img decoding=\"async\" src=\"https:\/\/effectus.ind.br\/wp-content\/plugins\/ht-mega-for-elementor\/\/assets\/images\/image-placeholder.png\" alt=\"FOUR ACTION\" \/><\/a>\n                                <\/div>\n                                            <div class=\"content \">\n                <div class=\"post-inner\">\n                    \n                    \n                                                <h2><a href=\"https:\/\/effectus.ind.br\/index.php\/four-action\/\">FOUR ACTION<\/a><\/h2>\n                        \n                    \n                    <p>FOUR ACTION foi desenvolvido para otimizar o desempenho das pulveriza\u00e7\u00f5es agr\u00edcolas, promovendo maior reten\u00e7\u00e3o, cobertura e absor\u00e7\u00e3o dos produtos presentes<\/p>\n                    \n                                            <div class=\"post-btn\">\n                            <a class=\"readmore-btn\" href=\"https:\/\/effectus.ind.br\/index.php\/four-action\/\">Leia Mais<\/a>\n                        <\/div>\n                    \n                <\/div>\n            <\/div>\n                                    <\/div>\n                        \n                        \n                                                    <div class=\"htmega-single-post-slide htmega-postslider-layout-1\" >\n                                <div class=\"thumb\">\n                                    <a href=\"https:\/\/effectus.ind.br\/index.php\/total-nitro\/\"><img decoding=\"async\" src=\"https:\/\/effectus.ind.br\/wp-content\/plugins\/ht-mega-for-elementor\/\/assets\/images\/image-placeholder.png\" alt=\"&lt;strong&gt;TOTAL NITRO&lt;\/strong&gt;\" \/><\/a>\n                                <\/div>\n                                            <div class=\"content \">\n                <div class=\"post-inner\">\n                    \n                    \n                                                <h2><a href=\"https:\/\/effectus.ind.br\/index.php\/total-nitro\/\">TOTAL NITRO<\/a><\/h2>\n                        \n                    \n                    <p>TOTAL NITRO \u00e9 um fertilizante mineral foliar constitu\u00eddo pela combina\u00e7\u00e3o algas marinhas, amino\u00e1cidos e fontes de levedura (amoniacal, am\u00eddica e<\/p>\n                    \n                                            <div class=\"post-btn\">\n                            <a class=\"readmore-btn\" href=\"https:\/\/effectus.ind.br\/index.php\/total-nitro\/\">Leia Mais<\/a>\n                        <\/div>\n                    \n                <\/div>\n            <\/div>\n                                    <\/div>\n                        \n                        \n                                                    <div class=\"htmega-single-post-slide htmega-postslider-layout-1\" >\n                                <div class=\"thumb\">\n                                    <a href=\"https:\/\/effectus.ind.br\/index.php\/sano-plus\/\"><img decoding=\"async\" src=\"https:\/\/effectus.ind.br\/wp-content\/plugins\/ht-mega-for-elementor\/\/assets\/images\/image-placeholder.png\" alt=\"&lt;strong&gt;SANO PLUS&lt;\/strong&gt;\" \/><\/a>\n                                <\/div>\n                                            <div class=\"content \">\n                <div class=\"post-inner\">\n                    \n                    \n                                                <h2><a href=\"https:\/\/effectus.ind.br\/index.php\/sano-plus\/\">SANO PLUS<\/a><\/h2>\n                        \n                    \n                    <p>SANO PLUS \u00e9 um fertilizante mineral foliar , um fosfito de cobre formulado com enxofre e nitrog\u00eanio, elementos que atuam<\/p>\n                    \n                                            <div class=\"post-btn\">\n                            <a class=\"readmore-btn\" href=\"https:\/\/effectus.ind.br\/index.php\/sano-plus\/\">Leia Mais<\/a>\n                        <\/div>\n                    \n                <\/div>\n            <\/div>\n                                    <\/div>\n                        \n                        \n                <\/div>\n            <\/div>\n            \n            \n\n        \t\t\t\t<\/div>\n\t\t\t\t<\/div>\n\t\t\t\t\t<\/div>\n\t\t\t\t<\/div>\n\t\t\t\t<\/div>\n\t\t","protected":false},"excerpt":{"rendered":"<p>Effectus\u00ae SS \u00e9 um fertilizante mineral foliar de alta solubilidade (99%), desenvolvido para r\u00e1pida absor\u00e7\u00e3o pelos tecidos das plantas. Sua formula\u00e7\u00e3o eficiente garante o suprimento ideal de enxofre, de acordo com as necessidades nutricionais de cada fase do desenvolvimento das culturas. Al\u00e9m de nutrir, o Effectus\u00ae contribui significativamente para a sanidade vegetal. Atua como um protetor natural, sendo altamente eficaz no manejo de \u00e1caros, tripes e pulg\u00f5es, gra\u00e7as \u00e0 a\u00e7\u00e3o repelente do g\u00e1s sulf\u00eddrico, que atua como desalojor, potencializando a performance dos inseticidas. Certificado Ecocert\u00ae para uso em sistemas de produ\u00e7\u00e3o org\u00e2nica, o Effectus\u00ae refor\u00e7a nosso compromisso com uma agricultura mais sustent\u00e1vel, produtiva e alinhada ao cuidado com o meio ambiente. Acreditamos que um mundo melhor come\u00e7a com planta\u00e7\u00f5es saud\u00e1veis. O uso deste produto \u00e9 recomendado para diversos tipos de cultivos, tendo obtido resultados significativos na produ\u00e7\u00e3o de grandes culturas. A\u00e7\u00e3o Ferti-Protetora\/Trofobi\u00f3tica \u00a0A produ\u00e7\u00e3o do teor de enxofre na c\u00e9lula permite uma melhora significativa do sistema proteossint\u00e9tico da planta, promovendo a produ\u00e7\u00e3o imediata de amino\u00e1cidos ligados \u00e0 s\u00edntese de metionina, ciste\u00edna, cistina e taurina. \u00a0Atua no metabolismo do organismo, na fotoss\u00edntese, na liga\u00e7\u00e3o e na redutase do nitrito, aumentando a s\u00edntese de prote\u00edna da planta e assistindo significativamente os ataques de doen\u00e7as e doen\u00e7as em geral. A\u00e7\u00e3o fisiol\u00f3gica Entenda-se que a rela\u00e7\u00e3o N\/S de 10 a 12\/1 como ideal para se obter um excelente equil\u00edbrio metab\u00f3lico, melhorando a performance do c\u00e1lcio no ambiente celular, fortalecendo a c\u00e9lula e todo o processo de ativa\u00e7\u00e3o metab\u00f3lica, atingindo o ponto trofobi\u00f3tico perfeito na obten\u00e7\u00e3o das autodefesas bi\u00f3ticas e abi\u00f3ticas. Compatibilidades Todos os fungicidas (exceto Mertin); Todos inseticidas;\u00a0 Com \u00f3leos; Grande maioria de fertilizantes foliares. Incompatibilidades \u00a0\u00a0Incompat\u00edvel com todos os herbicidas; \u00a0\u00a0\u00a0\u00a0Cuidar com as misturas com amino\u00e1cidos. Por que usar? Effectus\u00ae SS confere melhor saude \u00e0s culturas, onde al\u00e9m de agir como protetor, tem excelente efici\u00eancia repel\u00eancia causados pelo g\u00e1s sulf\u00eddrico que acaba se tornando um desalojante gerando melhor desempenho dos inseticidas. Informa\u00e7\u00f5es t\u00e9cnicas: Composi\u00e7\u00e3o: Enxofre 21% | Formula\u00e7\u00e3o: Solu\u00e7\u00e3o verdadeira Grau de Solubilidade: 99,9% | Gradua\u00e7\u00e3o Baum\u00e9: 30 \u2013 32% Classifica\u00e7\u00e3o: Fertilizante mineral misto para aplica\u00e7\u00e3o foliar Registro no MAPA: N\u00ba SC SC 003347-2.000001 Fabricante: Brasil Fertilizantes Ltda Veja tamb\u00e9m nosso outros produtos NITROQUIM NITROQUIM \u00e9 um fertilizante mineral foliar composto \u00e0 base de&nbsp;nitrog\u00eanio nas tr\u00eas fontes (amoniacal, am\u00eddica e n\u00edtrica) essenciais para todo Leia Mais NITROMIX NITROMIX \u00e9 um adjuvante agr\u00edcola ativador com base nitrogenada nas formas amoniacal, amidica e n\u00edtrica, possui em sua formula\u00e7\u00e3o a Leia Mais FOUR ACTION FOUR ACTION foi desenvolvido para otimizar o desempenho das pulveriza\u00e7\u00f5es agr\u00edcolas, promovendo maior reten\u00e7\u00e3o, cobertura e absor\u00e7\u00e3o dos produtos presentes Leia Mais TOTAL NITRO TOTAL NITRO \u00e9 um fertilizante mineral foliar constitu\u00eddo pela combina\u00e7\u00e3o algas marinhas, amino\u00e1cidos e fontes de levedura (amoniacal, am\u00eddica e Leia Mais SANO PLUS SANO PLUS \u00e9 um fertilizante mineral foliar , um fosfito de cobre formulado com enxofre e nitrog\u00eanio, elementos que atuam Leia Mais<\/p>\n","protected":false},"author":1,"featured_media":0,"parent":0,"menu_order":0,"comment_status":"closed","ping_status":"closed","template":"elementor_header_footer","meta":{"neve_meta_sidebar":"","neve_meta_container":"","neve_meta_enable_content_width":"","neve_meta_content_width":0,"neve_meta_title_alignment":"","neve_meta_author_avatar":"","neve_post_elements_order":"","neve_meta_disable_header":"","neve_meta_disable_footer":"","neve_meta_disable_title":"","_joinchat":[],"footnotes":""},"class_list":["post-394","page","type-page","status-publish","hentry"],"_links":{"self":[{"href":"https:\/\/effectus.ind.br\/index.php\/wp-json\/wp\/v2\/pages\/394","targetHints":{"allow":["GET"]}}],"collection":[{"href":"https:\/\/effectus.ind.br\/index.php\/wp-json\/wp\/v2\/pages"}],"about":[{"href":"https:\/\/effectus.ind.br\/index.php\/wp-json\/wp\/v2\/types\/page"}],"author":[{"embeddable":true,"href":"https:\/\/effectus.ind.br\/index.php\/wp-json\/wp\/v2\/users\/1"}],"replies":[{"embeddable":true,"href":"https:\/\/effectus.ind.br\/index.php\/wp-json\/wp\/v2\/comments?post=394"}],"version-history":[{"count":55,"href":"https:\/\/effectus.ind.br\/index.php\/wp-json\/wp\/v2\/pages\/394\/revisions"}],"predecessor-version":[{"id":1699,"href":"https:\/\/effectus.ind.br\/index.php\/wp-json\/wp\/v2\/pages\/394\/revisions\/1699"}],"wp:attachment":[{"href":"https:\/\/effectus.ind.br\/index.php\/wp-json\/wp\/v2\/media?parent=394"}],"curies":[{"name":"wp","href":"https:\/\/api.w.org\/{rel}","templated":true}]}}