{"id":401,"date":"2023-02-24T07:31:59","date_gmt":"2023-02-24T07:31:59","guid":{"rendered":"https:\/\/effectus.ind.br\/?page_id=401"},"modified":"2026-01-19T14:08:00","modified_gmt":"2026-01-19T14:08:00","slug":"sano-plus","status":"publish","type":"page","link":"https:\/\/effectus.ind.br\/index.php\/sano-plus\/","title":{"rendered":"<strong>SANO PLUS<\/strong>"},"content":{"rendered":"\t\t<div data-elementor-type=\"wp-page\" data-elementor-id=\"401\" class=\"elementor elementor-401\">\n\t\t\t\t<div class=\"elementor-element elementor-element-1bbab346 e-flex e-con-boxed wpr-particle-no wpr-jarallax-no wpr-parallax-no wpr-sticky-section-no e-con e-parent\" data-id=\"1bbab346\" data-element_type=\"container\" data-settings=\"{&quot;background_background&quot;:&quot;classic&quot;}\">\n\t\t\t\t\t<div class=\"e-con-inner\">\n\t\t<div class=\"elementor-element elementor-element-366203d8 e-con-full e-flex wpr-particle-no wpr-jarallax-no wpr-parallax-no wpr-sticky-section-no e-con e-child\" data-id=\"366203d8\" data-element_type=\"container\">\n\t\t\t\t<div class=\"elementor-element elementor-element-b02e3e9 elementor-widget__width-initial elementor-widget elementor-widget-image\" data-id=\"b02e3e9\" data-element_type=\"widget\" data-widget_type=\"image.default\">\n\t\t\t\t<div class=\"elementor-widget-container\">\n\t\t\t\t\t\t\t\t\t\t\t\t\t\t\t<img fetchpriority=\"high\" decoding=\"async\" width=\"2000\" height=\"2000\" src=\"https:\/\/effectus.ind.br\/wp-content\/uploads\/2026\/01\/SANO_02-1.png\" class=\"attachment-full size-full wp-image-1675 no-lazy\" alt=\"\" srcset=\"https:\/\/effectus.ind.br\/wp-content\/uploads\/2026\/01\/SANO_02-1.png 2000w, https:\/\/effectus.ind.br\/wp-content\/uploads\/2026\/01\/SANO_02-1-300x300.png 300w, https:\/\/effectus.ind.br\/wp-content\/uploads\/2026\/01\/SANO_02-1-1024x1024.png 1024w, https:\/\/effectus.ind.br\/wp-content\/uploads\/2026\/01\/SANO_02-1-150x150.png 150w, https:\/\/effectus.ind.br\/wp-content\/uploads\/2026\/01\/SANO_02-1-768x768.png 768w, https:\/\/effectus.ind.br\/wp-content\/uploads\/2026\/01\/SANO_02-1-1536x1536.png 1536w\" sizes=\"(max-width: 2000px) 100vw, 2000px\" \/>\t\t\t\t\t\t\t\t\t\t\t\t\t\t\t<\/div>\n\t\t\t\t<\/div>\n\t\t\t\t<\/div>\n\t\t<div class=\"elementor-element elementor-element-6043526f e-con-full e-flex wpr-particle-no wpr-jarallax-no wpr-parallax-no wpr-sticky-section-no e-con e-child\" data-id=\"6043526f\" data-element_type=\"container\">\n\t\t\t\t<div class=\"elementor-element elementor-element-5e38448 elementor-widget__width-initial elementor-widget elementor-widget-image\" data-id=\"5e38448\" data-element_type=\"widget\" data-widget_type=\"image.default\">\n\t\t\t\t<div class=\"elementor-widget-container\">\n\t\t\t\t\t\t\t\t\t\t\t\t\t\t\t<img decoding=\"async\" width=\"632\" height=\"230\" src=\"https:\/\/effectus.ind.br\/wp-content\/uploads\/2023\/02\/sano-plus.png\" class=\"attachment-full size-full wp-image-569 no-lazy\" alt=\"\" srcset=\"https:\/\/effectus.ind.br\/wp-content\/uploads\/2023\/02\/sano-plus.png 632w, https:\/\/effectus.ind.br\/wp-content\/uploads\/2023\/02\/sano-plus-300x109.png 300w\" sizes=\"(max-width: 632px) 100vw, 632px\" \/>\t\t\t\t\t\t\t\t\t\t\t\t\t\t\t<\/div>\n\t\t\t\t<\/div>\n\t\t\t\t<div class=\"elementor-element elementor-element-576b86c2 elementor-widget elementor-widget-text-editor\" data-id=\"576b86c2\" data-element_type=\"widget\" data-widget_type=\"text-editor.default\">\n\t\t\t\t<div class=\"elementor-widget-container\">\n\t\t\t\t\t\t\t\t\t<p>SANO PLUS \u00e9 um fertilizante mineral foliar , um fosfito de cobre formulado com enxofre e nitrog\u00eanio, elementos que atuam de forma sin\u00e9rgica na ativa\u00e7\u00e3o do sistema enzim\u00e1tico das plantas.<\/p><p>Esses nutrientes s\u00e3o fundamentais para processos fisiol\u00f3gicos essenciais, como a respira\u00e7\u00e3o, fotoss\u00edntese e fixa\u00e7\u00e3o de nitrog\u00eanio, al\u00e9m de estarem diretamente envolvidos nos mecanismos naturais de resist\u00eancia a doen\u00e7as, contribuindo para o equil\u00edbrio e a sanidade das culturas.<\/p>\t\t\t\t\t\t\t\t<\/div>\n\t\t\t\t<\/div>\n\t\t\t\t<\/div>\n\t\t\t\t\t<\/div>\n\t\t\t\t<\/div>\n\t\t<div class=\"elementor-element elementor-element-19ad1ea5 e-flex e-con-boxed wpr-particle-no wpr-jarallax-no wpr-parallax-no wpr-sticky-section-no e-con e-parent\" data-id=\"19ad1ea5\" data-element_type=\"container\" data-settings=\"{&quot;background_background&quot;:&quot;classic&quot;}\">\n\t\t\t\t\t<div class=\"e-con-inner\">\n\t\t<div class=\"elementor-element elementor-element-1ebbad08 e-con-full e-flex wpr-particle-no wpr-jarallax-no wpr-parallax-no wpr-sticky-section-no e-con e-child\" data-id=\"1ebbad08\" data-element_type=\"container\">\n\t\t\t\t<div class=\"elementor-element elementor-element-59062890 elementor-widget__width-initial elementor-widget elementor-widget-text-editor\" data-id=\"59062890\" data-element_type=\"widget\" data-widget_type=\"text-editor.default\">\n\t\t\t\t<div class=\"elementor-widget-container\">\n\t\t\t\t\t\t\t\t\t<p><b><span style=\"vertical-align: inherit;\"><span style=\"vertical-align: inherit;\">Benef\u00edcios:<\/span><\/span><\/b><\/p><ul>\n<li style=\"font-weight: 400;\" aria-level=\"1\"><span style=\"font-weight: 400;\"><span style=\"vertical-align: inherit;\"><span style=\"vertical-align: inherit;\">Potencializa os defensivos (quelatizado);<\/span><\/span><\/span><\/li>\n<li style=\"font-weight: 400;\" aria-level=\"1\"><span style=\"font-weight: 400;\"><span style=\"vertical-align: inherit;\"><span style=\"vertical-align: inherit;\">Ativa enzimas no processo fisiol\u00f3gico;<\/span><\/span><\/span><\/li>\n<li style=\"font-weight: 400;\" aria-level=\"1\"><span style=\"font-weight: 400;\"><span style=\"vertical-align: inherit;\"><span style=\"vertical-align: inherit;\">S\u00edntese de RNA e DNA ;<\/span><\/span><\/span><\/li>\n<li style=\"font-weight: 400;\" aria-level=\"1\"><span style=\"font-weight: 400;\"><span style=\"vertical-align: inherit;\"><span style=\"vertical-align: inherit;\">Auxilia no metabolismo das prote\u00ednas;<\/span><\/span><\/span><\/li>\n<li style=\"font-weight: 400;\" aria-level=\"1\"><span style=\"font-weight: 400;\"><span style=\"vertical-align: inherit;\"><span style=\"vertical-align: inherit;\">Age na rota metab\u00f3lica de produ\u00e7\u00e3o de compostos (ex: lignina), auxiliando a forma\u00e7\u00e3o da parede celular.&nbsp;&nbsp;&nbsp;<\/span><\/span><\/span><\/li>\n<\/ul>\t\t\t\t\t\t\t\t<\/div>\n\t\t\t\t<\/div>\n\t\t\t\t<\/div>\n\t\t\t\t\t<\/div>\n\t\t\t\t<\/div>\n\t\t<div class=\"elementor-element elementor-element-38d7eca5 e-flex e-con-boxed wpr-particle-no wpr-jarallax-no wpr-parallax-no wpr-sticky-section-no e-con e-parent\" data-id=\"38d7eca5\" data-element_type=\"container\" data-settings=\"{&quot;background_background&quot;:&quot;classic&quot;}\">\n\t\t\t\t\t<div class=\"e-con-inner\">\n\t\t<div class=\"elementor-element elementor-element-57255bb1 e-con-full e-flex wpr-particle-no wpr-jarallax-no wpr-parallax-no wpr-sticky-section-no e-con e-child\" data-id=\"57255bb1\" data-element_type=\"container\">\n\t\t\t\t<div class=\"elementor-element elementor-element-150211a4 elementor-widget elementor-widget-text-editor\" data-id=\"150211a4\" data-element_type=\"widget\" data-widget_type=\"text-editor.default\">\n\t\t\t\t<div class=\"elementor-widget-container\">\n\t\t\t\t\t\t\t\t\t<p><strong>Benef\u00edcios do uso do SANO PLUS em associa\u00e7\u00e3o com fungicidas<\/strong><\/p><p>1- Ativa\u00e7\u00e3o das defesas naturais da planta (a\u00e7\u00e3o sist\u00eamica indutora):<br \/>O fosfito de cobre estimula os mecanismos de defesa da planta, fortalecendo-a contra pat\u00f3genos e aumentando a efic\u00e1cia dos fungicidas.<\/p><p>2- Efeito sin\u00e9rgico com fungicidas:<br \/>A combina\u00e7\u00e3o de SANO PLUS com fungicidas potencializa a a\u00e7\u00e3o dos produtos, proporcionando um controle mais eficaz de doen\u00e7as f\u00fangicas.<\/p><p>3- A\u00e7\u00e3o fungist\u00e1tica e bacteriost\u00e1tica direta:<br \/>A am\u00f4nia quatern\u00e1ria presente na formula\u00e7\u00e3o possui a\u00e7\u00e3o antimicrobiana de contato, ajudando no controle imediato de esporos e microrganismos na superf\u00edcie foliar.<\/p><p>4- Melhor cobertura e adesividade:<br \/>A formula\u00e7\u00e3o contribui para melhor espalhamento e fixa\u00e7\u00e3o dos fungicidas nas folhas, aumentando a prote\u00e7\u00e3o mesmo ap\u00f3s chuvas leves.<\/p><p>5- Redu\u00e7\u00e3o da press\u00e3o de infec\u00e7\u00e3o:<br \/>O uso cont\u00ednuo de SANO PLUS pode reduzir a incid\u00eancia e a severidade de doen\u00e7as, diminuindo a necessidade de aplica\u00e7\u00f5es corretivas.<\/p><p>6- Atua\u00e7\u00e3o preventiva e curativa:<br \/>Gra\u00e7as ao fosfito, o produto atua tanto na preven\u00e7\u00e3o quanto em est\u00e1gios iniciais de infec\u00e7\u00e3o, complementando o espectro de a\u00e7\u00e3o dos fungicidas.<\/p><p>7- Melhora da sanidade e vigor da planta:<br \/>Com a nutri\u00e7\u00e3o via cobre e o est\u00edmulo \u00e0s defesas, as plantas se desenvolvem com mais vigor, resultando em maior produtividade e resist\u00eancia ao estresse.<\/p><p>8- Seguran\u00e7a e compatibilidade:<br \/>Pode ser utilizado em mistura com a maioria dos fungicidas, respeitando as boas pr\u00e1ticas de compatibilidade de calda.<\/p>\t\t\t\t\t\t\t\t<\/div>\n\t\t\t\t<\/div>\n\t\t\t\t<\/div>\n\t\t<div class=\"elementor-element elementor-element-4a683f14 e-con-full e-flex wpr-particle-no wpr-jarallax-no wpr-parallax-no wpr-sticky-section-no e-con e-child\" data-id=\"4a683f14\" data-element_type=\"container\">\n\t\t\t\t<div class=\"elementor-element elementor-element-3a4c9a5e elementor-widget elementor-widget-text-editor\" data-id=\"3a4c9a5e\" data-element_type=\"widget\" data-widget_type=\"text-editor.default\">\n\t\t\t\t<div class=\"elementor-widget-container\">\n\t\t\t\t\t\t\t\t\t<p><b><span style=\"vertical-align: inherit;\"><span style=\"vertical-align: inherit;\">Informa\u00e7\u00f5es T\u00e9cnicas:<\/span><\/span><\/b><\/p><p>Densidade: 1,09 g\/cm\u00b3<\/p><p>Natureza F\u00edsica: Suspens\u00e3o Homog\u00eanea<\/p><p>Mat\u00e9ria Prima: \u00c1gua, sulfato de cobre, aditivo \u00e1cido fosf\u00f3rico, ur\u00e9ia, tensoativos e agente quelante<\/p><p>GARANTIAS: 2,5% Cu\/1,0 % N e 1,2% S<\/p><p>N\u00b0 de registro do produto no MAPA SC 003347-2.00004<\/p>\t\t\t\t\t\t\t\t<\/div>\n\t\t\t\t<\/div>\n\t\t\t\t<\/div>\n\t\t\t\t\t<\/div>\n\t\t\t\t<\/div>\n\t\t<div class=\"elementor-element elementor-element-18979823 e-flex e-con-boxed wpr-particle-no wpr-jarallax-no wpr-parallax-no wpr-sticky-section-no e-con e-parent\" data-id=\"18979823\" data-element_type=\"container\" data-settings=\"{&quot;background_background&quot;:&quot;classic&quot;}\">\n\t\t\t\t\t<div class=\"e-con-inner\">\n\t\t\t\t<div class=\"elementor-element elementor-element-2ffea97c elementor-widget elementor-widget-heading\" data-id=\"2ffea97c\" data-element_type=\"widget\" data-widget_type=\"heading.default\">\n\t\t\t\t<div class=\"elementor-widget-container\">\n\t\t\t\t\t<h2 class=\"elementor-heading-title elementor-size-default\">\n\n\nVeja tamb\u00e9m nosso outros produtos<\/h2>\t\t\t\t<\/div>\n\t\t\t\t<\/div>\n\t\t\t\t<div class=\"elementor-element elementor-element-59e7107f elementor-widget-mobile__width-initial elementor-widget__width-initial elementor-widget elementor-widget-htmega-postcarousel-addons\" data-id=\"59e7107f\" data-element_type=\"widget\" data-settings=\"{&quot;_animation&quot;:&quot;none&quot;,&quot;carousel_post_type&quot;:&quot;page&quot;}\" data-widget_type=\"htmega-postcarousel-addons.default\">\n\t\t\t\t<div class=\"elementor-widget-container\">\n\t\t\t\t\t            <div class=\"post-carousel-wrapper htmega-postcarousel-layout-1 htmega-verticle-center-arrow sid59e7107f\">\n                <div dir=\"ltr\" class=\"htmega-carousel-activation\" data-settings=\"{&quot;sectionid&quot;:&quot;sid59e7107f&quot;,&quot;arrows&quot;:true,&quot;arrow_prev_txt&quot;:&quot;&lt;i class=\\&quot;fas fa-angle-left\\&quot;&gt;&lt;\\\/i&gt;&quot;,&quot;arrow_next_txt&quot;:&quot;&lt;i class=\\&quot;fas fa-angle-right\\&quot;&gt;&lt;\\\/i&gt;&quot;,&quot;dots&quot;:false,&quot;autoplay&quot;:false,&quot;autoplay_speed&quot;:3000,&quot;animation_speed&quot;:300,&quot;slloop&quot;:true,&quot;pause_on_hover&quot;:true,&quot;center_mode&quot;:false,&quot;center_padding&quot;:0,&quot;equal_height_column&quot;:false,&quot;equal_height_column_class&quot;:&quot;.post-inner&quot;,&quot;display_columns&quot;:3,&quot;scroll_columns&quot;:1,&quot;tablet_width&quot;:750,&quot;tablet_display_columns&quot;:1,&quot;tablet_scroll_columns&quot;:1,&quot;mobile_width&quot;:480,&quot;mobile_display_columns&quot;:1,&quot;mobile_scroll_columns&quot;:1}\" style=\"display:none;\">\n\n                    \n                                                    <div class=\"htmega-single-post-slide htmega-postslider-layout-1\" >\n                                <div class=\"thumb\">\n                                    <a href=\"https:\/\/effectus.ind.br\/index.php\/nitroquim\/\"><img decoding=\"async\" src=\"https:\/\/effectus.ind.br\/wp-content\/plugins\/ht-mega-for-elementor\/\/assets\/images\/image-placeholder.png\" alt=\"&lt;strong&gt;NITROQUIM&lt;\/strong&gt;\" \/><\/a>\n                                <\/div>\n                                            <div class=\"content \">\n                <div class=\"post-inner\">\n                    \n                    \n                                                <h2><a href=\"https:\/\/effectus.ind.br\/index.php\/nitroquim\/\">NITROQUIM<\/a><\/h2>\n                        \n                    \n                    <p>NITROQUIM \u00e9 um fertilizante mineral foliar composto \u00e0 base de&nbsp;nitrog\u00eanio nas tr\u00eas fontes (amoniacal, am\u00eddica e n\u00edtrica) essenciais para todo<\/p>\n                    \n                                            <div class=\"post-btn\">\n                            <a class=\"readmore-btn\" href=\"https:\/\/effectus.ind.br\/index.php\/nitroquim\/\">Leia Mais<\/a>\n                        <\/div>\n                    \n                <\/div>\n            <\/div>\n                                    <\/div>\n                        \n                        \n                                                    <div class=\"htmega-single-post-slide htmega-postslider-layout-1\" >\n                                <div class=\"thumb\">\n                                    <a href=\"https:\/\/effectus.ind.br\/index.php\/nitromix\/\"><img decoding=\"async\" src=\"https:\/\/effectus.ind.br\/wp-content\/plugins\/ht-mega-for-elementor\/\/assets\/images\/image-placeholder.png\" alt=\"&lt;strong&gt;NITROMIX&lt;\/strong&gt;\" \/><\/a>\n                                <\/div>\n                                            <div class=\"content \">\n                <div class=\"post-inner\">\n                    \n                    \n                                                <h2><a href=\"https:\/\/effectus.ind.br\/index.php\/nitromix\/\">NITROMIX<\/a><\/h2>\n                        \n                    \n                    <p>NITROMIX \u00e9 um adjuvante agr\u00edcola ativador com base nitrogenada nas formas amoniacal, amidica e n\u00edtrica, possui em sua formula\u00e7\u00e3o a<\/p>\n                    \n                                            <div class=\"post-btn\">\n                            <a class=\"readmore-btn\" href=\"https:\/\/effectus.ind.br\/index.php\/nitromix\/\">Leia Mais<\/a>\n                        <\/div>\n                    \n                <\/div>\n            <\/div>\n                                    <\/div>\n                        \n                        \n                                                    <div class=\"htmega-single-post-slide htmega-postslider-layout-1\" >\n                                <div class=\"thumb\">\n                                    <a href=\"https:\/\/effectus.ind.br\/index.php\/four-action\/\"><img decoding=\"async\" src=\"https:\/\/effectus.ind.br\/wp-content\/plugins\/ht-mega-for-elementor\/\/assets\/images\/image-placeholder.png\" alt=\"FOUR ACTION\" \/><\/a>\n                                <\/div>\n                                            <div class=\"content \">\n                <div class=\"post-inner\">\n                    \n                    \n                                                <h2><a href=\"https:\/\/effectus.ind.br\/index.php\/four-action\/\">FOUR ACTION<\/a><\/h2>\n                        \n                    \n                    <p>FOUR ACTION foi desenvolvido para otimizar o desempenho das pulveriza\u00e7\u00f5es agr\u00edcolas, promovendo maior reten\u00e7\u00e3o, cobertura e absor\u00e7\u00e3o dos produtos presentes<\/p>\n                    \n                                            <div class=\"post-btn\">\n                            <a class=\"readmore-btn\" href=\"https:\/\/effectus.ind.br\/index.php\/four-action\/\">Leia Mais<\/a>\n                        <\/div>\n                    \n                <\/div>\n            <\/div>\n                                    <\/div>\n                        \n                        \n                                                    <div class=\"htmega-single-post-slide htmega-postslider-layout-1\" >\n                                <div class=\"thumb\">\n                                    <a href=\"https:\/\/effectus.ind.br\/index.php\/total-nitro\/\"><img decoding=\"async\" src=\"https:\/\/effectus.ind.br\/wp-content\/plugins\/ht-mega-for-elementor\/\/assets\/images\/image-placeholder.png\" alt=\"&lt;strong&gt;TOTAL NITRO&lt;\/strong&gt;\" \/><\/a>\n                                <\/div>\n                                            <div class=\"content \">\n                <div class=\"post-inner\">\n                    \n                    \n                                                <h2><a href=\"https:\/\/effectus.ind.br\/index.php\/total-nitro\/\">TOTAL NITRO<\/a><\/h2>\n                        \n                    \n                    <p>TOTAL NITRO \u00e9 um fertilizante mineral foliar constitu\u00eddo pela combina\u00e7\u00e3o algas marinhas, amino\u00e1cidos e fontes de levedura (amoniacal, am\u00eddica e<\/p>\n                    \n                                            <div class=\"post-btn\">\n                            <a class=\"readmore-btn\" href=\"https:\/\/effectus.ind.br\/index.php\/total-nitro\/\">Leia Mais<\/a>\n                        <\/div>\n                    \n                <\/div>\n            <\/div>\n                                    <\/div>\n                        \n                        \n                                                    <div class=\"htmega-single-post-slide htmega-postslider-layout-1\" >\n                                <div class=\"thumb\">\n                                    <a href=\"https:\/\/effectus.ind.br\/index.php\/sano-plus\/\"><img decoding=\"async\" src=\"https:\/\/effectus.ind.br\/wp-content\/plugins\/ht-mega-for-elementor\/\/assets\/images\/image-placeholder.png\" alt=\"&lt;strong&gt;SANO PLUS&lt;\/strong&gt;\" \/><\/a>\n                                <\/div>\n                                            <div class=\"content \">\n                <div class=\"post-inner\">\n                    \n                    \n                                                <h2><a href=\"https:\/\/effectus.ind.br\/index.php\/sano-plus\/\">SANO PLUS<\/a><\/h2>\n                        \n                    \n                    <p>SANO PLUS \u00e9 um fertilizante mineral foliar , um fosfito de cobre formulado com enxofre e nitrog\u00eanio, elementos que atuam<\/p>\n                    \n                                            <div class=\"post-btn\">\n                            <a class=\"readmore-btn\" href=\"https:\/\/effectus.ind.br\/index.php\/sano-plus\/\">Leia Mais<\/a>\n                        <\/div>\n                    \n                <\/div>\n            <\/div>\n                                    <\/div>\n                        \n                        \n                <\/div>\n            <\/div>\n            \n            \n\n        \t\t\t\t<\/div>\n\t\t\t\t<\/div>\n\t\t\t\t\t<\/div>\n\t\t\t\t<\/div>\n\t\t\t\t<\/div>\n\t\t","protected":false},"excerpt":{"rendered":"<p>SANO PLUS \u00e9 um fertilizante mineral foliar , um fosfito de cobre formulado com enxofre e nitrog\u00eanio, elementos que atuam de forma sin\u00e9rgica na ativa\u00e7\u00e3o do sistema enzim\u00e1tico das plantas. Esses nutrientes s\u00e3o fundamentais para processos fisiol\u00f3gicos essenciais, como a respira\u00e7\u00e3o, fotoss\u00edntese e fixa\u00e7\u00e3o de nitrog\u00eanio, al\u00e9m de estarem diretamente envolvidos nos mecanismos naturais de resist\u00eancia a doen\u00e7as, contribuindo para o equil\u00edbrio e a sanidade das culturas. Benef\u00edcios: Potencializa os defensivos (quelatizado); Ativa enzimas no processo fisiol\u00f3gico; S\u00edntese de RNA e DNA ; Auxilia no metabolismo das prote\u00ednas; Age na rota metab\u00f3lica de produ\u00e7\u00e3o de compostos (ex: lignina), auxiliando a forma\u00e7\u00e3o da parede celular.&nbsp;&nbsp;&nbsp; Benef\u00edcios do uso do SANO PLUS em associa\u00e7\u00e3o com fungicidas 1- Ativa\u00e7\u00e3o das defesas naturais da planta (a\u00e7\u00e3o sist\u00eamica indutora):O fosfito de cobre estimula os mecanismos de defesa da planta, fortalecendo-a contra pat\u00f3genos e aumentando a efic\u00e1cia dos fungicidas. 2- Efeito sin\u00e9rgico com fungicidas:A combina\u00e7\u00e3o de SANO PLUS com fungicidas potencializa a a\u00e7\u00e3o dos produtos, proporcionando um controle mais eficaz de doen\u00e7as f\u00fangicas. 3- A\u00e7\u00e3o fungist\u00e1tica e bacteriost\u00e1tica direta:A am\u00f4nia quatern\u00e1ria presente na formula\u00e7\u00e3o possui a\u00e7\u00e3o antimicrobiana de contato, ajudando no controle imediato de esporos e microrganismos na superf\u00edcie foliar. 4- Melhor cobertura e adesividade:A formula\u00e7\u00e3o contribui para melhor espalhamento e fixa\u00e7\u00e3o dos fungicidas nas folhas, aumentando a prote\u00e7\u00e3o mesmo ap\u00f3s chuvas leves. 5- Redu\u00e7\u00e3o da press\u00e3o de infec\u00e7\u00e3o:O uso cont\u00ednuo de SANO PLUS pode reduzir a incid\u00eancia e a severidade de doen\u00e7as, diminuindo a necessidade de aplica\u00e7\u00f5es corretivas. 6- Atua\u00e7\u00e3o preventiva e curativa:Gra\u00e7as ao fosfito, o produto atua tanto na preven\u00e7\u00e3o quanto em est\u00e1gios iniciais de infec\u00e7\u00e3o, complementando o espectro de a\u00e7\u00e3o dos fungicidas. 7- Melhora da sanidade e vigor da planta:Com a nutri\u00e7\u00e3o via cobre e o est\u00edmulo \u00e0s defesas, as plantas se desenvolvem com mais vigor, resultando em maior produtividade e resist\u00eancia ao estresse. 8- Seguran\u00e7a e compatibilidade:Pode ser utilizado em mistura com a maioria dos fungicidas, respeitando as boas pr\u00e1ticas de compatibilidade de calda. Informa\u00e7\u00f5es T\u00e9cnicas: Densidade: 1,09 g\/cm\u00b3 Natureza F\u00edsica: Suspens\u00e3o Homog\u00eanea Mat\u00e9ria Prima: \u00c1gua, sulfato de cobre, aditivo \u00e1cido fosf\u00f3rico, ur\u00e9ia, tensoativos e agente quelante GARANTIAS: 2,5% Cu\/1,0 % N e 1,2% S N\u00b0 de registro do produto no MAPA SC 003347-2.00004 Veja tamb\u00e9m nosso outros produtos NITROQUIM NITROQUIM \u00e9 um fertilizante mineral foliar composto \u00e0 base de&nbsp;nitrog\u00eanio nas tr\u00eas fontes (amoniacal, am\u00eddica e n\u00edtrica) essenciais para todo Leia Mais NITROMIX NITROMIX \u00e9 um adjuvante agr\u00edcola ativador com base nitrogenada nas formas amoniacal, amidica e n\u00edtrica, possui em sua formula\u00e7\u00e3o a Leia Mais FOUR ACTION FOUR ACTION foi desenvolvido para otimizar o desempenho das pulveriza\u00e7\u00f5es agr\u00edcolas, promovendo maior reten\u00e7\u00e3o, cobertura e absor\u00e7\u00e3o dos produtos presentes Leia Mais Effectus ORG Effectus ORG\u00ae\ufe0f \u00e9 um fertilizante mineral foliar de alta solubilidade (99%), desenvolvido para r\u00e1pida absor\u00e7\u00e3o pelos tecidos das plantas. Sua Leia Mais TOTAL NITRO TOTAL NITRO \u00e9 um fertilizante mineral foliar constitu\u00eddo pela combina\u00e7\u00e3o algas marinhas, amino\u00e1cidos e fontes de levedura (amoniacal, am\u00eddica e Leia Mais<\/p>\n","protected":false},"author":1,"featured_media":0,"parent":0,"menu_order":0,"comment_status":"closed","ping_status":"closed","template":"elementor_header_footer","meta":{"neve_meta_sidebar":"","neve_meta_container":"","neve_meta_enable_content_width":"","neve_meta_content_width":0,"neve_meta_title_alignment":"","neve_meta_author_avatar":"","neve_post_elements_order":"","neve_meta_disable_header":"","neve_meta_disable_footer":"","neve_meta_disable_title":"","_joinchat":[],"footnotes":""},"class_list":["post-401","page","type-page","status-publish","hentry"],"_links":{"self":[{"href":"https:\/\/effectus.ind.br\/index.php\/wp-json\/wp\/v2\/pages\/401","targetHints":{"allow":["GET"]}}],"collection":[{"href":"https:\/\/effectus.ind.br\/index.php\/wp-json\/wp\/v2\/pages"}],"about":[{"href":"https:\/\/effectus.ind.br\/index.php\/wp-json\/wp\/v2\/types\/page"}],"author":[{"embeddable":true,"href":"https:\/\/effectus.ind.br\/index.php\/wp-json\/wp\/v2\/users\/1"}],"replies":[{"embeddable":true,"href":"https:\/\/effectus.ind.br\/index.php\/wp-json\/wp\/v2\/comments?post=401"}],"version-history":[{"count":49,"href":"https:\/\/effectus.ind.br\/index.php\/wp-json\/wp\/v2\/pages\/401\/revisions"}],"predecessor-version":[{"id":1678,"href":"https:\/\/effectus.ind.br\/index.php\/wp-json\/wp\/v2\/pages\/401\/revisions\/1678"}],"wp:attachment":[{"href":"https:\/\/effectus.ind.br\/index.php\/wp-json\/wp\/v2\/media?parent=401"}],"curies":[{"name":"wp","href":"https:\/\/api.w.org\/{rel}","templated":true}]}}