{"id":407,"date":"2023-02-24T07:37:44","date_gmt":"2023-02-24T07:37:44","guid":{"rendered":"https:\/\/effectus.ind.br\/?page_id=407"},"modified":"2026-01-19T14:09:15","modified_gmt":"2026-01-19T14:09:15","slug":"total-nitro","status":"publish","type":"page","link":"https:\/\/effectus.ind.br\/index.php\/total-nitro\/","title":{"rendered":"<strong>TOTAL NITRO<\/strong>"},"content":{"rendered":"\t\t<div data-elementor-type=\"wp-page\" data-elementor-id=\"407\" class=\"elementor elementor-407\">\n\t\t\t\t<div class=\"elementor-element elementor-element-3de1c8a e-flex e-con-boxed wpr-particle-no wpr-jarallax-no wpr-parallax-no wpr-sticky-section-no e-con e-parent\" data-id=\"3de1c8a\" data-element_type=\"container\" data-settings=\"{&quot;background_background&quot;:&quot;classic&quot;}\">\n\t\t\t\t\t<div class=\"e-con-inner\">\n\t\t<div class=\"elementor-element elementor-element-1b481295 e-con-full e-flex wpr-particle-no wpr-jarallax-no wpr-parallax-no wpr-sticky-section-no e-con e-child\" data-id=\"1b481295\" data-element_type=\"container\">\n\t\t\t\t<div class=\"elementor-element elementor-element-3beb3fc4 elementor-widget__width-initial elementor-widget elementor-widget-image\" data-id=\"3beb3fc4\" data-element_type=\"widget\" data-widget_type=\"image.default\">\n\t\t\t\t<div class=\"elementor-widget-container\">\n\t\t\t\t\t\t\t\t\t\t\t\t\t\t\t<img fetchpriority=\"high\" decoding=\"async\" width=\"2000\" height=\"2000\" src=\"https:\/\/effectus.ind.br\/wp-content\/uploads\/2026\/01\/TOTAL_NITRO_02.png\" class=\"attachment-full size-full wp-image-1679 no-lazy\" alt=\"\" srcset=\"https:\/\/effectus.ind.br\/wp-content\/uploads\/2026\/01\/TOTAL_NITRO_02.png 2000w, https:\/\/effectus.ind.br\/wp-content\/uploads\/2026\/01\/TOTAL_NITRO_02-300x300.png 300w, https:\/\/effectus.ind.br\/wp-content\/uploads\/2026\/01\/TOTAL_NITRO_02-1024x1024.png 1024w, https:\/\/effectus.ind.br\/wp-content\/uploads\/2026\/01\/TOTAL_NITRO_02-150x150.png 150w, https:\/\/effectus.ind.br\/wp-content\/uploads\/2026\/01\/TOTAL_NITRO_02-768x768.png 768w, https:\/\/effectus.ind.br\/wp-content\/uploads\/2026\/01\/TOTAL_NITRO_02-1536x1536.png 1536w\" sizes=\"(max-width: 2000px) 100vw, 2000px\" \/>\t\t\t\t\t\t\t\t\t\t\t\t\t\t\t<\/div>\n\t\t\t\t<\/div>\n\t\t\t\t<\/div>\n\t\t<div class=\"elementor-element elementor-element-511a2b0b e-con-full e-flex wpr-particle-no wpr-jarallax-no wpr-parallax-no wpr-sticky-section-no e-con e-child\" data-id=\"511a2b0b\" data-element_type=\"container\">\n\t\t\t\t<div class=\"elementor-element elementor-element-e12799a elementor-widget__width-initial elementor-widget elementor-widget-image\" data-id=\"e12799a\" data-element_type=\"widget\" data-widget_type=\"image.default\">\n\t\t\t\t<div class=\"elementor-widget-container\">\n\t\t\t\t\t\t\t\t\t\t\t\t\t\t\t<img decoding=\"async\" width=\"632\" height=\"230\" src=\"https:\/\/effectus.ind.br\/wp-content\/uploads\/2023\/02\/total-nitro.png\" class=\"attachment-full size-full wp-image-571 no-lazy\" alt=\"\" srcset=\"https:\/\/effectus.ind.br\/wp-content\/uploads\/2023\/02\/total-nitro.png 632w, https:\/\/effectus.ind.br\/wp-content\/uploads\/2023\/02\/total-nitro-300x109.png 300w\" sizes=\"(max-width: 632px) 100vw, 632px\" \/>\t\t\t\t\t\t\t\t\t\t\t\t\t\t\t<\/div>\n\t\t\t\t<\/div>\n\t\t\t\t<div class=\"elementor-element elementor-element-5adc8bcd elementor-widget__width-initial elementor-widget elementor-widget-text-editor\" data-id=\"5adc8bcd\" data-element_type=\"widget\" data-widget_type=\"text-editor.default\">\n\t\t\t\t<div class=\"elementor-widget-container\">\n\t\t\t\t\t\t\t\t\t<p><span style=\"font-weight: 400;\"><span style=\"vertical-align: inherit;\"><span style=\"vertical-align: inherit;\">TOTAL NITRO \u00e9 um fertilizante mineral foliar constitu\u00eddo pela combina\u00e7\u00e3o algas marinhas, amino\u00e1cidos e fontes de levedura (amoniacal, am\u00eddica e n\u00edtrica) essenciais para todo o desenvolvimento da planta. <\/span><span style=\"vertical-align: inherit;\">Aumentando a efici\u00eancia no processo de fotoss\u00edntese e fortalecendo o sistema radicular com maior volume de ra\u00edzes, melhor estabelecimento da cultura e \u00f3timo desenvolvimento na parte a\u00e9rea com \u00e1reas mais uniformes e vigorosas.\u00a0<\/span><\/span><\/span><\/p><p><span style=\"font-weight: 400;\"><span style=\"vertical-align: inherit;\"><span style=\"vertical-align: inherit;\">O nitrog\u00eanio \u00e9 um dos nutrientes que proporciona os maiores efeitos nos componentes de produ\u00e7\u00e3o e produtividade da cultura (ex: milho), auxiliando em diversas caracter\u00edsticas da planta relacionadas ao crescimento e desenvolvimento da cultura.\u00a0<\/span><\/span><\/span><\/p>\t\t\t\t\t\t\t\t<\/div>\n\t\t\t\t<\/div>\n\t\t\t\t<\/div>\n\t\t\t\t\t<\/div>\n\t\t\t\t<\/div>\n\t\t<div class=\"elementor-element elementor-element-5abd8c3b e-flex e-con-boxed wpr-particle-no wpr-jarallax-no wpr-parallax-no wpr-sticky-section-no e-con e-parent\" data-id=\"5abd8c3b\" data-element_type=\"container\" data-settings=\"{&quot;background_background&quot;:&quot;classic&quot;}\">\n\t\t\t\t\t<div class=\"e-con-inner\">\n\t\t<div class=\"elementor-element elementor-element-6eb39802 e-con-full e-flex wpr-particle-no wpr-jarallax-no wpr-parallax-no wpr-sticky-section-no e-con e-child\" data-id=\"6eb39802\" data-element_type=\"container\">\n\t\t\t\t<div class=\"elementor-element elementor-element-6d5d8356 elementor-widget__width-initial elementor-widget elementor-widget-text-editor\" data-id=\"6d5d8356\" data-element_type=\"widget\" data-widget_type=\"text-editor.default\">\n\t\t\t\t<div class=\"elementor-widget-container\">\n\t\t\t\t\t\t\t\t\t<p><b><span style=\"vertical-align: inherit;\"><span style=\"vertical-align: inherit;\">Benef\u00edcios:<\/span><\/span><\/b><\/p><ul><li style=\"font-weight: 400;\" aria-level=\"1\"><span style=\"font-weight: 400;\"><span style=\"vertical-align: inherit;\"><span style=\"vertical-align: inherit;\">Redu\u00e7\u00e3o das perdas de am\u00f4nia por volatiliza\u00e7\u00e3o;<\/span><\/span><\/span><\/li><li style=\"font-weight: 400;\" aria-level=\"1\"><span style=\"font-weight: 400;\"><span style=\"vertical-align: inherit;\"><span style=\"vertical-align: inherit;\">Aumento da disponibilidade de nutrientes pela a\u00e7\u00e3o quelante dos amino\u00e1cidos presentes;<\/span><\/span><\/span><\/li><li style=\"font-weight: 400;\" aria-level=\"1\"><span style=\"font-weight: 400;\"><span style=\"vertical-align: inherit;\"><span style=\"vertical-align: inherit;\">Estimular o crescimento e produtividade da planta no est\u00e1gio vegetativo;<\/span><\/span><\/span><\/li><li style=\"font-weight: 400;\" aria-level=\"1\"><span style=\"font-weight: 400;\"><span style=\"vertical-align: inherit;\"><span style=\"vertical-align: inherit;\">Estimula s\u00edntese de metabolismo prim\u00e1rio que protege a planta de estresse;<\/span><\/span><\/span><\/li><li style=\"font-weight: 400;\" aria-level=\"1\"><span style=\"font-weight: 400;\"><span style=\"vertical-align: inherit;\"><span style=\"vertical-align: inherit;\">pH neutro favorecendo a opera\u00e7\u00e3o a aplica\u00e7\u00e3o e a ativa\u00e7\u00e3o das plantas;<\/span><\/span><\/span><\/li><li style=\"font-weight: 400;\" aria-level=\"1\"><span style=\"font-weight: 400;\"><span style=\"vertical-align: inherit;\"><span style=\"vertical-align: inherit;\">Aumenta a efici\u00eancia;<\/span><\/span><\/span><\/li><li style=\"font-weight: 400;\" aria-level=\"1\"><span style=\"font-weight: 400;\"><span style=\"vertical-align: inherit;\"><span style=\"vertical-align: inherit;\">Reduz a tens\u00e3o superficial;<\/span><\/span><\/span><\/li><li style=\"font-weight: 400;\" aria-level=\"1\"><span style=\"font-weight: 400;\"><span style=\"vertical-align: inherit;\"><span style=\"vertical-align: inherit;\">Favorece a forma\u00e7\u00e3o de clorofila essencial na produ\u00e7\u00e3o de prote\u00ednas e amino\u00e1cidos.<\/span><\/span><\/span><\/li><\/ul>\t\t\t\t\t\t\t\t<\/div>\n\t\t\t\t<\/div>\n\t\t\t\t<\/div>\n\t\t\t\t\t<\/div>\n\t\t\t\t<\/div>\n\t\t<div class=\"elementor-element elementor-element-4768dd20 e-flex e-con-boxed wpr-particle-no wpr-jarallax-no wpr-parallax-no wpr-sticky-section-no e-con e-parent\" data-id=\"4768dd20\" data-element_type=\"container\" data-settings=\"{&quot;background_background&quot;:&quot;classic&quot;}\">\n\t\t\t\t\t<div class=\"e-con-inner\">\n\t\t<div class=\"elementor-element elementor-element-5f1ff92f e-con-full e-flex wpr-particle-no wpr-jarallax-no wpr-parallax-no wpr-sticky-section-no e-con e-child\" data-id=\"5f1ff92f\" data-element_type=\"container\">\n\t\t\t\t<div class=\"elementor-element elementor-element-6a6a9469 elementor-widget elementor-widget-text-editor\" data-id=\"6a6a9469\" data-element_type=\"widget\" data-widget_type=\"text-editor.default\">\n\t\t\t\t<div class=\"elementor-widget-container\">\n\t\t\t\t\t\t\t\t\t<p><b><span style=\"vertical-align: inherit;\"><span style=\"vertical-align: inherit;\"><span style=\"vertical-align: inherit;\"><span style=\"vertical-align: inherit;\">Por que usar?<\/span><\/span><\/span><\/span><\/b><\/p><p><span style=\"font-weight: 400;\"><span style=\"vertical-align: inherit;\"><span style=\"vertical-align: inherit;\"><span style=\"vertical-align: inherit;\"><span style=\"vertical-align: inherit;\">TOTAL NITRO possui algas com teores elevados e subst\u00e2ncias como amino\u00e1cidos, horm\u00f4nios naturais, minerais e oligoelementos. <\/span><\/span><\/span><span style=\"vertical-align: inherit;\"><span style=\"vertical-align: inherit;\"><span style=\"vertical-align: inherit;\">Atuando nos processos metab\u00f3licos das plantas, promove o fortalecimento das estruturas vegetais e ra\u00edzes saud\u00e1veis, controle e crescimento, melhora da parede celular e maior capacidade de resist\u00eancia a diversos fatores abi\u00f3ticos.\u00a0<\/span><\/span><\/span><\/span><\/span><\/p><p><span style=\"font-weight: 400;\"><span style=\"vertical-align: inherit;\"><span style=\"vertical-align: inherit;\"><span style=\"vertical-align: inherit;\"><span style=\"vertical-align: inherit;\">Aliado a alta concentra\u00e7\u00e3o desempenha um papel estrutural no metabolismo da planta, pois faz parte de mol\u00e9culas essenciais para a planta. <\/span><\/span><\/span><span style=\"vertical-align: inherit;\"><span style=\"vertical-align: inherit;\"><span style=\"vertical-align: inherit;\">Sendo o nutriente absorvido em maior quantidade, o que o torna um dos nutrientes mais importantes, al\u00e9m de ser constituintes de proteinas, enzimas, coenzimas, \u00e1cidos nucl\u00e9icos e citocromos, apresenta fun\u00e7\u00e3o importante fun\u00e7\u00e3o como integrante da mol\u00e9cula de clorofila, atua diretamente no processo de divis\u00e3o e expans\u00e3o celular.\u00a0<\/span><\/span><\/span><\/span><\/span><\/p>\t\t\t\t\t\t\t\t<\/div>\n\t\t\t\t<\/div>\n\t\t\t\t<\/div>\n\t\t<div class=\"elementor-element elementor-element-6300a0e4 e-con-full e-flex wpr-particle-no wpr-jarallax-no wpr-parallax-no wpr-sticky-section-no e-con e-child\" data-id=\"6300a0e4\" data-element_type=\"container\">\n\t\t\t\t<div class=\"elementor-element elementor-element-2230b5b8 elementor-widget__width-initial elementor-widget elementor-widget-text-editor\" data-id=\"2230b5b8\" data-element_type=\"widget\" data-widget_type=\"text-editor.default\">\n\t\t\t\t<div class=\"elementor-widget-container\">\n\t\t\t\t\t\t\t\t\t<p><b><span style=\"vertical-align: inherit;\"><span style=\"vertical-align: inherit;\"><span style=\"vertical-align: inherit;\"><span style=\"vertical-align: inherit;\">Informa\u00e7\u00f5es T\u00e9cnicas:<\/span><\/span><\/span><\/span><\/b><\/p><p>Densidade: 1,26 | Garantia: 26% Nitrog\u00eanio<\/p><p>Mat\u00e9ria Prima: Ur\u00e9ia, \u00e1cido c\u00edtrico, extrato de algas, nitrato de am\u00f4nio, amino\u00e1cidos e \u00e1gua.<\/p><p>N\u00b0 de registro do produto no MAPA SC 003347-2.000007<\/p>\t\t\t\t\t\t\t\t<\/div>\n\t\t\t\t<\/div>\n\t\t\t\t<\/div>\n\t\t\t\t\t<\/div>\n\t\t\t\t<\/div>\n\t\t<div class=\"elementor-element elementor-element-451e2979 e-flex e-con-boxed wpr-particle-no wpr-jarallax-no wpr-parallax-no wpr-sticky-section-no e-con e-parent\" data-id=\"451e2979\" data-element_type=\"container\">\n\t\t\t\t\t<div class=\"e-con-inner\">\n\t\t\t\t<div class=\"elementor-element elementor-element-2a5afa20 elementor-widget elementor-widget-heading\" data-id=\"2a5afa20\" data-element_type=\"widget\" data-widget_type=\"heading.default\">\n\t\t\t\t<div class=\"elementor-widget-container\">\n\t\t\t\t\t<h2 class=\"elementor-heading-title elementor-size-default\">\n\n\nVeja tamb\u00e9m nosso outros produtos<\/h2>\t\t\t\t<\/div>\n\t\t\t\t<\/div>\n\t\t\t\t\t<\/div>\n\t\t\t\t<\/div>\n\t\t<div class=\"elementor-element elementor-element-16deeba1 e-flex e-con-boxed wpr-particle-no wpr-jarallax-no wpr-parallax-no wpr-sticky-section-no e-con e-parent\" data-id=\"16deeba1\" data-element_type=\"container\" data-settings=\"{&quot;background_background&quot;:&quot;classic&quot;}\">\n\t\t\t\t\t<div class=\"e-con-inner\">\n\t\t\t\t<div class=\"elementor-element elementor-element-58b878d3 elementor-widget-mobile__width-initial elementor-widget__width-initial elementor-widget elementor-widget-htmega-postcarousel-addons\" data-id=\"58b878d3\" data-element_type=\"widget\" data-settings=\"{&quot;_animation&quot;:&quot;none&quot;,&quot;carousel_post_type&quot;:&quot;page&quot;}\" data-widget_type=\"htmega-postcarousel-addons.default\">\n\t\t\t\t<div class=\"elementor-widget-container\">\n\t\t\t\t\t            <div class=\"post-carousel-wrapper htmega-postcarousel-layout-1 htmega-verticle-center-arrow sid58b878d3\">\n                <div dir=\"ltr\" class=\"htmega-carousel-activation\" data-settings=\"{&quot;sectionid&quot;:&quot;sid58b878d3&quot;,&quot;arrows&quot;:true,&quot;arrow_prev_txt&quot;:&quot;&lt;i class=\\&quot;fas fa-angle-left\\&quot;&gt;&lt;\\\/i&gt;&quot;,&quot;arrow_next_txt&quot;:&quot;&lt;i class=\\&quot;fas fa-angle-right\\&quot;&gt;&lt;\\\/i&gt;&quot;,&quot;dots&quot;:false,&quot;autoplay&quot;:false,&quot;autoplay_speed&quot;:3000,&quot;animation_speed&quot;:300,&quot;slloop&quot;:true,&quot;pause_on_hover&quot;:true,&quot;center_mode&quot;:false,&quot;center_padding&quot;:0,&quot;equal_height_column&quot;:false,&quot;equal_height_column_class&quot;:&quot;.post-inner&quot;,&quot;display_columns&quot;:3,&quot;scroll_columns&quot;:1,&quot;tablet_width&quot;:750,&quot;tablet_display_columns&quot;:1,&quot;tablet_scroll_columns&quot;:1,&quot;mobile_width&quot;:480,&quot;mobile_display_columns&quot;:1,&quot;mobile_scroll_columns&quot;:1}\" style=\"display:none;\">\n\n                    \n                                                    <div class=\"htmega-single-post-slide htmega-postslider-layout-1\" >\n                                <div class=\"thumb\">\n                                    <a href=\"https:\/\/effectus.ind.br\/index.php\/nitroquim\/\"><img decoding=\"async\" src=\"https:\/\/effectus.ind.br\/wp-content\/plugins\/ht-mega-for-elementor\/\/assets\/images\/image-placeholder.png\" alt=\"&lt;strong&gt;NITROQUIM&lt;\/strong&gt;\" \/><\/a>\n                                <\/div>\n                                            <div class=\"content \">\n                <div class=\"post-inner\">\n                    \n                    \n                                                <h2><a href=\"https:\/\/effectus.ind.br\/index.php\/nitroquim\/\">NITROQUIM<\/a><\/h2>\n                        \n                    \n                    <p>NITROQUIM \u00e9 um fertilizante mineral foliar composto \u00e0 base de&nbsp;nitrog\u00eanio nas tr\u00eas fontes (amoniacal, am\u00eddica e n\u00edtrica) essenciais para todo<\/p>\n                    \n                                            <div class=\"post-btn\">\n                            <a class=\"readmore-btn\" href=\"https:\/\/effectus.ind.br\/index.php\/nitroquim\/\">Leia Mais<\/a>\n                        <\/div>\n                    \n                <\/div>\n            <\/div>\n                                    <\/div>\n                        \n                        \n                                                    <div class=\"htmega-single-post-slide htmega-postslider-layout-1\" >\n                                <div class=\"thumb\">\n                                    <a href=\"https:\/\/effectus.ind.br\/index.php\/nitromix\/\"><img decoding=\"async\" src=\"https:\/\/effectus.ind.br\/wp-content\/plugins\/ht-mega-for-elementor\/\/assets\/images\/image-placeholder.png\" alt=\"&lt;strong&gt;NITROMIX&lt;\/strong&gt;\" \/><\/a>\n                                <\/div>\n                                            <div class=\"content \">\n                <div class=\"post-inner\">\n                    \n                    \n                                                <h2><a href=\"https:\/\/effectus.ind.br\/index.php\/nitromix\/\">NITROMIX<\/a><\/h2>\n                        \n                    \n                    <p>NITROMIX \u00e9 um adjuvante agr\u00edcola ativador com base nitrogenada nas formas amoniacal, amidica e n\u00edtrica, possui em sua formula\u00e7\u00e3o a<\/p>\n                    \n                                            <div class=\"post-btn\">\n                            <a class=\"readmore-btn\" href=\"https:\/\/effectus.ind.br\/index.php\/nitromix\/\">Leia Mais<\/a>\n                        <\/div>\n                    \n                <\/div>\n            <\/div>\n                                    <\/div>\n                        \n                        \n                                                    <div class=\"htmega-single-post-slide htmega-postslider-layout-1\" >\n                                <div class=\"thumb\">\n                                    <a href=\"https:\/\/effectus.ind.br\/index.php\/four-action\/\"><img decoding=\"async\" src=\"https:\/\/effectus.ind.br\/wp-content\/plugins\/ht-mega-for-elementor\/\/assets\/images\/image-placeholder.png\" alt=\"FOUR ACTION\" \/><\/a>\n                                <\/div>\n                                            <div class=\"content \">\n                <div class=\"post-inner\">\n                    \n                    \n                                                <h2><a href=\"https:\/\/effectus.ind.br\/index.php\/four-action\/\">FOUR ACTION<\/a><\/h2>\n                        \n                    \n                    <p>FOUR ACTION foi desenvolvido para otimizar o desempenho das pulveriza\u00e7\u00f5es agr\u00edcolas, promovendo maior reten\u00e7\u00e3o, cobertura e absor\u00e7\u00e3o dos produtos presentes<\/p>\n                    \n                                            <div class=\"post-btn\">\n                            <a class=\"readmore-btn\" href=\"https:\/\/effectus.ind.br\/index.php\/four-action\/\">Leia Mais<\/a>\n                        <\/div>\n                    \n                <\/div>\n            <\/div>\n                                    <\/div>\n                        \n                        \n                                                    <div class=\"htmega-single-post-slide htmega-postslider-layout-1\" >\n                                <div class=\"thumb\">\n                                    <a href=\"https:\/\/effectus.ind.br\/index.php\/total-nitro\/\"><img decoding=\"async\" src=\"https:\/\/effectus.ind.br\/wp-content\/plugins\/ht-mega-for-elementor\/\/assets\/images\/image-placeholder.png\" alt=\"&lt;strong&gt;TOTAL NITRO&lt;\/strong&gt;\" \/><\/a>\n                                <\/div>\n                                            <div class=\"content \">\n                <div class=\"post-inner\">\n                    \n                    \n                                                <h2><a href=\"https:\/\/effectus.ind.br\/index.php\/total-nitro\/\">TOTAL NITRO<\/a><\/h2>\n                        \n                    \n                    <p>TOTAL NITRO \u00e9 um fertilizante mineral foliar constitu\u00eddo pela combina\u00e7\u00e3o algas marinhas, amino\u00e1cidos e fontes de levedura (amoniacal, am\u00eddica e<\/p>\n                    \n                                            <div class=\"post-btn\">\n                            <a class=\"readmore-btn\" href=\"https:\/\/effectus.ind.br\/index.php\/total-nitro\/\">Leia Mais<\/a>\n                        <\/div>\n                    \n                <\/div>\n            <\/div>\n                                    <\/div>\n                        \n                        \n                                                    <div class=\"htmega-single-post-slide htmega-postslider-layout-1\" >\n                                <div class=\"thumb\">\n                                    <a href=\"https:\/\/effectus.ind.br\/index.php\/sano-plus\/\"><img decoding=\"async\" src=\"https:\/\/effectus.ind.br\/wp-content\/plugins\/ht-mega-for-elementor\/\/assets\/images\/image-placeholder.png\" alt=\"&lt;strong&gt;SANO PLUS&lt;\/strong&gt;\" \/><\/a>\n                                <\/div>\n                                            <div class=\"content \">\n                <div class=\"post-inner\">\n                    \n                    \n                                                <h2><a href=\"https:\/\/effectus.ind.br\/index.php\/sano-plus\/\">SANO PLUS<\/a><\/h2>\n                        \n                    \n                    <p>SANO PLUS \u00e9 um fertilizante mineral foliar , um fosfito de cobre formulado com enxofre e nitrog\u00eanio, elementos que atuam<\/p>\n                    \n                                            <div class=\"post-btn\">\n                            <a class=\"readmore-btn\" href=\"https:\/\/effectus.ind.br\/index.php\/sano-plus\/\">Leia Mais<\/a>\n                        <\/div>\n                    \n                <\/div>\n            <\/div>\n                                    <\/div>\n                        \n                        \n                <\/div>\n            <\/div>\n            \n            \n\n        \t\t\t\t<\/div>\n\t\t\t\t<\/div>\n\t\t\t\t\t<\/div>\n\t\t\t\t<\/div>\n\t\t\t\t<\/div>\n\t\t","protected":false},"excerpt":{"rendered":"<p>TOTAL NITRO \u00e9 um fertilizante mineral foliar constitu\u00eddo pela combina\u00e7\u00e3o algas marinhas, amino\u00e1cidos e fontes de levedura (amoniacal, am\u00eddica e n\u00edtrica) essenciais para todo o desenvolvimento da planta. Aumentando a efici\u00eancia no processo de fotoss\u00edntese e fortalecendo o sistema radicular com maior volume de ra\u00edzes, melhor estabelecimento da cultura e \u00f3timo desenvolvimento na parte a\u00e9rea com \u00e1reas mais uniformes e vigorosas.\u00a0 O nitrog\u00eanio \u00e9 um dos nutrientes que proporciona os maiores efeitos nos componentes de produ\u00e7\u00e3o e produtividade da cultura (ex: milho), auxiliando em diversas caracter\u00edsticas da planta relacionadas ao crescimento e desenvolvimento da cultura.\u00a0 Benef\u00edcios: Redu\u00e7\u00e3o das perdas de am\u00f4nia por volatiliza\u00e7\u00e3o; Aumento da disponibilidade de nutrientes pela a\u00e7\u00e3o quelante dos amino\u00e1cidos presentes; Estimular o crescimento e produtividade da planta no est\u00e1gio vegetativo; Estimula s\u00edntese de metabolismo prim\u00e1rio que protege a planta de estresse; pH neutro favorecendo a opera\u00e7\u00e3o a aplica\u00e7\u00e3o e a ativa\u00e7\u00e3o das plantas; Aumenta a efici\u00eancia; Reduz a tens\u00e3o superficial; Favorece a forma\u00e7\u00e3o de clorofila essencial na produ\u00e7\u00e3o de prote\u00ednas e amino\u00e1cidos. Por que usar? TOTAL NITRO possui algas com teores elevados e subst\u00e2ncias como amino\u00e1cidos, horm\u00f4nios naturais, minerais e oligoelementos. Atuando nos processos metab\u00f3licos das plantas, promove o fortalecimento das estruturas vegetais e ra\u00edzes saud\u00e1veis, controle e crescimento, melhora da parede celular e maior capacidade de resist\u00eancia a diversos fatores abi\u00f3ticos.\u00a0 Aliado a alta concentra\u00e7\u00e3o desempenha um papel estrutural no metabolismo da planta, pois faz parte de mol\u00e9culas essenciais para a planta. Sendo o nutriente absorvido em maior quantidade, o que o torna um dos nutrientes mais importantes, al\u00e9m de ser constituintes de proteinas, enzimas, coenzimas, \u00e1cidos nucl\u00e9icos e citocromos, apresenta fun\u00e7\u00e3o importante fun\u00e7\u00e3o como integrante da mol\u00e9cula de clorofila, atua diretamente no processo de divis\u00e3o e expans\u00e3o celular.\u00a0 Informa\u00e7\u00f5es T\u00e9cnicas: Densidade: 1,26 | Garantia: 26% Nitrog\u00eanio Mat\u00e9ria Prima: Ur\u00e9ia, \u00e1cido c\u00edtrico, extrato de algas, nitrato de am\u00f4nio, amino\u00e1cidos e \u00e1gua. N\u00b0 de registro do produto no MAPA SC 003347-2.000007 Veja tamb\u00e9m nosso outros produtos NITROQUIM NITROQUIM \u00e9 um fertilizante mineral foliar composto \u00e0 base de&nbsp;nitrog\u00eanio nas tr\u00eas fontes (amoniacal, am\u00eddica e n\u00edtrica) essenciais para todo Leia Mais NITROMIX NITROMIX \u00e9 um adjuvante agr\u00edcola ativador com base nitrogenada nas formas amoniacal, amidica e n\u00edtrica, possui em sua formula\u00e7\u00e3o a Leia Mais FOUR ACTION FOUR ACTION foi desenvolvido para otimizar o desempenho das pulveriza\u00e7\u00f5es agr\u00edcolas, promovendo maior reten\u00e7\u00e3o, cobertura e absor\u00e7\u00e3o dos produtos presentes Leia Mais Effectus ORG Effectus ORG\u00ae\ufe0f \u00e9 um fertilizante mineral foliar de alta solubilidade (99%), desenvolvido para r\u00e1pida absor\u00e7\u00e3o pelos tecidos das plantas. Sua Leia Mais TOTAL NITRO TOTAL NITRO \u00e9 um fertilizante mineral foliar constitu\u00eddo pela combina\u00e7\u00e3o algas marinhas, amino\u00e1cidos e fontes de levedura (amoniacal, am\u00eddica e Leia Mais<\/p>\n","protected":false},"author":1,"featured_media":0,"parent":0,"menu_order":0,"comment_status":"closed","ping_status":"closed","template":"elementor_header_footer","meta":{"neve_meta_sidebar":"","neve_meta_container":"","neve_meta_enable_content_width":"","neve_meta_content_width":0,"neve_meta_title_alignment":"","neve_meta_author_avatar":"","neve_post_elements_order":"","neve_meta_disable_header":"","neve_meta_disable_footer":"","neve_meta_disable_title":"","_joinchat":[],"footnotes":""},"class_list":["post-407","page","type-page","status-publish","hentry"],"_links":{"self":[{"href":"https:\/\/effectus.ind.br\/index.php\/wp-json\/wp\/v2\/pages\/407","targetHints":{"allow":["GET"]}}],"collection":[{"href":"https:\/\/effectus.ind.br\/index.php\/wp-json\/wp\/v2\/pages"}],"about":[{"href":"https:\/\/effectus.ind.br\/index.php\/wp-json\/wp\/v2\/types\/page"}],"author":[{"embeddable":true,"href":"https:\/\/effectus.ind.br\/index.php\/wp-json\/wp\/v2\/users\/1"}],"replies":[{"embeddable":true,"href":"https:\/\/effectus.ind.br\/index.php\/wp-json\/wp\/v2\/comments?post=407"}],"version-history":[{"count":58,"href":"https:\/\/effectus.ind.br\/index.php\/wp-json\/wp\/v2\/pages\/407\/revisions"}],"predecessor-version":[{"id":1682,"href":"https:\/\/effectus.ind.br\/index.php\/wp-json\/wp\/v2\/pages\/407\/revisions\/1682"}],"wp:attachment":[{"href":"https:\/\/effectus.ind.br\/index.php\/wp-json\/wp\/v2\/media?parent=407"}],"curies":[{"name":"wp","href":"https:\/\/api.w.org\/{rel}","templated":true}]}}