{"id":419,"date":"2023-02-24T07:49:15","date_gmt":"2023-02-24T07:49:15","guid":{"rendered":"https:\/\/effectus.ind.br\/?page_id=419"},"modified":"2026-01-19T14:05:52","modified_gmt":"2026-01-19T14:05:52","slug":"four-action","status":"publish","type":"page","link":"https:\/\/effectus.ind.br\/index.php\/four-action\/","title":{"rendered":"FOUR ACTION"},"content":{"rendered":"\t\t<div data-elementor-type=\"wp-page\" data-elementor-id=\"419\" class=\"elementor elementor-419\">\n\t\t\t\t<div class=\"elementor-element elementor-element-27763a31 e-flex e-con-boxed wpr-particle-no wpr-jarallax-no wpr-parallax-no wpr-sticky-section-no e-con e-parent\" data-id=\"27763a31\" data-element_type=\"container\" data-settings=\"{&quot;background_background&quot;:&quot;classic&quot;}\">\n\t\t\t\t\t<div class=\"e-con-inner\">\n\t\t<div class=\"elementor-element elementor-element-2aadd6a4 e-con-full e-flex wpr-particle-no wpr-jarallax-no wpr-parallax-no wpr-sticky-section-no e-con e-child\" data-id=\"2aadd6a4\" data-element_type=\"container\">\n\t\t\t\t<div class=\"elementor-element elementor-element-5004a222 elementor-widget__width-initial elementor-widget elementor-widget-image\" data-id=\"5004a222\" data-element_type=\"widget\" data-widget_type=\"image.default\">\n\t\t\t\t<div class=\"elementor-widget-container\">\n\t\t\t\t\t\t\t\t\t\t\t\t\t\t\t<img fetchpriority=\"high\" decoding=\"async\" width=\"2000\" height=\"2000\" src=\"https:\/\/effectus.ind.br\/wp-content\/uploads\/2026\/01\/FOUR.png\" class=\"attachment-full size-full wp-image-1663 no-lazy\" alt=\"\" srcset=\"https:\/\/effectus.ind.br\/wp-content\/uploads\/2026\/01\/FOUR.png 2000w, https:\/\/effectus.ind.br\/wp-content\/uploads\/2026\/01\/FOUR-300x300.png 300w, https:\/\/effectus.ind.br\/wp-content\/uploads\/2026\/01\/FOUR-1024x1024.png 1024w, https:\/\/effectus.ind.br\/wp-content\/uploads\/2026\/01\/FOUR-150x150.png 150w, https:\/\/effectus.ind.br\/wp-content\/uploads\/2026\/01\/FOUR-768x768.png 768w, https:\/\/effectus.ind.br\/wp-content\/uploads\/2026\/01\/FOUR-1536x1536.png 1536w\" sizes=\"(max-width: 2000px) 100vw, 2000px\" \/>\t\t\t\t\t\t\t\t\t\t\t\t\t\t\t<\/div>\n\t\t\t\t<\/div>\n\t\t\t\t<\/div>\n\t\t<div class=\"elementor-element elementor-element-460b15d e-con-full e-flex wpr-particle-no wpr-jarallax-no wpr-parallax-no wpr-sticky-section-no e-con e-child\" data-id=\"460b15d\" data-element_type=\"container\">\n\t\t\t\t<div class=\"elementor-element elementor-element-726c28e elementor-widget__width-initial elementor-widget elementor-widget-image\" data-id=\"726c28e\" data-element_type=\"widget\" data-widget_type=\"image.default\">\n\t\t\t\t<div class=\"elementor-widget-container\">\n\t\t\t\t\t\t\t\t\t\t\t\t\t\t\t<img decoding=\"async\" width=\"632\" height=\"230\" src=\"https:\/\/effectus.ind.br\/wp-content\/uploads\/2023\/02\/four-action.png\" class=\"attachment-full size-full wp-image-574 no-lazy\" alt=\"\" srcset=\"https:\/\/effectus.ind.br\/wp-content\/uploads\/2023\/02\/four-action.png 632w, https:\/\/effectus.ind.br\/wp-content\/uploads\/2023\/02\/four-action-300x109.png 300w\" sizes=\"(max-width: 632px) 100vw, 632px\" \/>\t\t\t\t\t\t\t\t\t\t\t\t\t\t\t<\/div>\n\t\t\t\t<\/div>\n\t\t\t\t<div class=\"elementor-element elementor-element-37f0bf31 elementor-widget elementor-widget-text-editor\" data-id=\"37f0bf31\" data-element_type=\"widget\" data-widget_type=\"text-editor.default\">\n\t\t\t\t<div class=\"elementor-widget-container\">\n\t\t\t\t\t\t\t\t\t<p>FOUR ACTION foi desenvolvido para otimizar o desempenho das pulveriza\u00e7\u00f5es agr\u00edcolas, promovendo maior reten\u00e7\u00e3o, cobertura e absor\u00e7\u00e3o dos produtos presentes na calda, mesmo em condi\u00e7\u00f5es ambientais variadas. Sem alterar as propriedades f\u00edsico-qu\u00edmicas da mistura, destaca-se por sua capacidade de reduzir a tens\u00e3o superficial das gotas, atuando como antideriva e minimizando perdas por deriva durante a aplica\u00e7\u00e3o.<\/p><p>Sua formula\u00e7\u00e3o \u00e9 baseada em \u00f3leo vegetal natural extra\u00eddo do capim citronela (Cymbopogon winterianus), que potencializa a absor\u00e7\u00e3o dos defensivos e retarda a evapora\u00e7\u00e3o das gotas, tornando o processo mais eficiente e seguro.<\/p>\t\t\t\t\t\t\t\t<\/div>\n\t\t\t\t<\/div>\n\t\t\t\t<\/div>\n\t\t\t\t\t<\/div>\n\t\t\t\t<\/div>\n\t\t<div class=\"elementor-element elementor-element-70ca11fb e-flex e-con-boxed wpr-particle-no wpr-jarallax-no wpr-parallax-no wpr-sticky-section-no e-con e-parent\" data-id=\"70ca11fb\" data-element_type=\"container\" data-settings=\"{&quot;background_background&quot;:&quot;classic&quot;}\">\n\t\t\t\t\t<div class=\"e-con-inner\">\n\t\t<div class=\"elementor-element elementor-element-1624aecc e-con-full e-flex wpr-particle-no wpr-jarallax-no wpr-parallax-no wpr-sticky-section-no e-con e-child\" data-id=\"1624aecc\" data-element_type=\"container\">\n\t\t\t\t<div class=\"elementor-element elementor-element-3d201ebb elementor-widget__width-initial elementor-widget elementor-widget-text-editor\" data-id=\"3d201ebb\" data-element_type=\"widget\" data-widget_type=\"text-editor.default\">\n\t\t\t\t<div class=\"elementor-widget-container\">\n\t\t\t\t\t\t\t\t\t<p><b><span style=\"vertical-align: inherit;\"><span style=\"vertical-align: inherit;\">Benef\u00edcios na calda:\u00a0<\/span><\/span><\/b><\/p><ul><li style=\"font-weight: 400;\" aria-level=\"1\"><span style=\"font-weight: 400;\"><span style=\"vertical-align: inherit;\"><span style=\"vertical-align: inherit;\">Antivolatilizante;<\/span><\/span><\/span><\/li><li style=\"font-weight: 400;\" aria-level=\"1\"><span style=\"font-weight: 400;\"><span style=\"vertical-align: inherit;\"><span style=\"vertical-align: inherit;\">Aumento da intera\u00e7\u00e3o dos produtos aplicados;<\/span><\/span><\/span><\/li><li style=\"font-weight: 400;\" aria-level=\"1\"><span style=\"font-weight: 400;\"><span style=\"vertical-align: inherit;\"><span style=\"vertical-align: inherit;\">Estabilidade e homogeneidade na calda.<\/span><\/span><\/span><\/li><\/ul><p><b><span style=\"vertical-align: inherit;\"><span style=\"vertical-align: inherit;\">Benef\u00edcios na aplica\u00e7\u00e3o:\u00a0<\/span><\/span><\/b><\/p><ul><li style=\"font-weight: 400;\" aria-level=\"1\"><span style=\"font-weight: 400;\"><span style=\"vertical-align: inherit;\"><span style=\"vertical-align: inherit;\">Quebra de tens\u00e3o superficial;<\/span><\/span><\/span><\/li><li style=\"font-weight: 400;\" aria-level=\"1\"><span style=\"font-weight: 400;\"><span style=\"vertical-align: inherit;\"><span style=\"vertical-align: inherit;\">R\u00e1pida absor\u00e7\u00e3o pela planta;<\/span><\/span><\/span><\/li><li style=\"font-weight: 400;\" aria-level=\"1\"><span style=\"font-weight: 400;\"><span style=\"vertical-align: inherit;\"><span style=\"vertical-align: inherit;\">Espalhante adesivo;<\/span><\/span><\/span><\/li><li style=\"font-weight: 400;\" aria-level=\"1\"><span style=\"font-weight: 400;\"><span style=\"vertical-align: inherit;\"><span style=\"vertical-align: inherit;\">Antideriva.<\/span><\/span><\/span><\/li><\/ul>\t\t\t\t\t\t\t\t<\/div>\n\t\t\t\t<\/div>\n\t\t\t\t<\/div>\n\t\t<div class=\"elementor-element elementor-element-68a01a75 e-con-full e-flex wpr-particle-no wpr-jarallax-no wpr-parallax-no wpr-sticky-section-no e-con e-child\" data-id=\"68a01a75\" data-element_type=\"container\">\n\t\t\t\t<div class=\"elementor-element elementor-element-1cfeb72d elementor-widget__width-initial elementor-widget elementor-widget-text-editor\" data-id=\"1cfeb72d\" data-element_type=\"widget\" data-widget_type=\"text-editor.default\">\n\t\t\t\t<div class=\"elementor-widget-container\">\n\t\t\t\t\t\t\t\t\t<p><b><span style=\"vertical-align: inherit;\"><span style=\"vertical-align: inherit;\">Compatibilidades:<\/span><\/span><\/b><\/p><ul><li style=\"font-weight: 400;\" aria-level=\"1\"><span style=\"font-weight: 400;\"><span style=\"vertical-align: inherit;\"><span style=\"vertical-align: inherit;\">herbicidas<\/span><\/span><\/span><\/li><li style=\"font-weight: 400;\" aria-level=\"1\"><span style=\"font-weight: 400;\"><span style=\"vertical-align: inherit;\"><span style=\"vertical-align: inherit;\">inseticidas<\/span><\/span><\/span><\/li><li style=\"font-weight: 400;\" aria-level=\"1\"><span style=\"font-weight: 400;\"><span style=\"vertical-align: inherit;\"><span style=\"vertical-align: inherit;\">Fungicidas;<\/span><\/span><\/span><\/li><li style=\"font-weight: 400;\" aria-level=\"1\"><span style=\"font-weight: 400;\"><span style=\"vertical-align: inherit;\"><span style=\"vertical-align: inherit;\">Fertilizantes foliares.<\/span><\/span><\/span><\/li><\/ul>\t\t\t\t\t\t\t\t<\/div>\n\t\t\t\t<\/div>\n\t\t\t\t<\/div>\n\t\t\t\t\t<\/div>\n\t\t\t\t<\/div>\n\t\t<div class=\"elementor-element elementor-element-2a44667f e-flex e-con-boxed wpr-particle-no wpr-jarallax-no wpr-parallax-no wpr-sticky-section-no e-con e-parent\" data-id=\"2a44667f\" data-element_type=\"container\" data-settings=\"{&quot;background_background&quot;:&quot;classic&quot;}\">\n\t\t\t\t\t<div class=\"e-con-inner\">\n\t\t<div class=\"elementor-element elementor-element-16ed818b e-con-full e-flex wpr-particle-no wpr-jarallax-no wpr-parallax-no wpr-sticky-section-no e-con e-child\" data-id=\"16ed818b\" data-element_type=\"container\">\n\t\t\t\t<div class=\"elementor-element elementor-element-67007ced elementor-widget elementor-widget-text-editor\" data-id=\"67007ced\" data-element_type=\"widget\" data-widget_type=\"text-editor.default\">\n\t\t\t\t<div class=\"elementor-widget-container\">\n\t\t\t\t\t\t\t\t\t<p><b><span style=\"vertical-align: inherit;\"><span style=\"vertical-align: inherit;\">Por que usar?<\/span><\/span><\/b><\/p><p><span style=\"font-weight: 400;\"><span style=\"vertical-align: inherit;\"><span style=\"vertical-align: inherit;\">Sua f\u00f3rmula a base de citronela possui a\u00e7\u00e3o repelente . <\/span><span style=\"vertical-align: inherit;\">Al\u00e9m de possuir a\u00e7\u00e3o permeabilizante, penetrando na folhagem entre os espa\u00e7os existentes na cera da folha sem destruir a prote\u00e7\u00e3o da cut\u00edcula.<\/span><\/span><\/span><\/p><p><span style=\"font-weight: 400;\"><span style=\"vertical-align: inherit;\"><span style=\"vertical-align: inherit;\">Usando FOUR ACTION e EFFECTUS SS em conjunto, os resultados ser\u00e3o ainda mais fortes j\u00e1 que os produtos s\u00e3o complementares.<\/span><\/span><\/span><\/p>\t\t\t\t\t\t\t\t<\/div>\n\t\t\t\t<\/div>\n\t\t\t\t<\/div>\n\t\t<div class=\"elementor-element elementor-element-12a3b9ea e-con-full e-flex wpr-particle-no wpr-jarallax-no wpr-parallax-no wpr-sticky-section-no e-con e-child\" data-id=\"12a3b9ea\" data-element_type=\"container\">\n\t\t\t\t<div class=\"elementor-element elementor-element-1045700e elementor-widget elementor-widget-text-editor\" data-id=\"1045700e\" data-element_type=\"widget\" data-widget_type=\"text-editor.default\">\n\t\t\t\t<div class=\"elementor-widget-container\">\n\t\t\t\t\t\t\t\t\t<p><b><span style=\"vertical-align: inherit;\"><span style=\"vertical-align: inherit;\"><span style=\"vertical-align: inherit;\"><span style=\"vertical-align: inherit;\">Informa\u00e7\u00f5es T\u00e9cnicas:<\/span><\/span><\/span><\/span><\/b><\/p><p>Densidade: 1,03 g \/L<\/p><p>Garantia: 2,3% Nitrog\u00eanio<\/p><p>Mat\u00e9ria Prima: \u00e1gua, ur\u00e9ia, \u00f3leo citronela, aditivos e tensoativos.<\/p><p>N\u00b0 de registro do produto no MAPA SC 003347-2.00005 Fabricante: Brasil Fertilizantes LTDA<\/p>\t\t\t\t\t\t\t\t<\/div>\n\t\t\t\t<\/div>\n\t\t\t\t<\/div>\n\t\t\t\t\t<\/div>\n\t\t\t\t<\/div>\n\t\t<div class=\"elementor-element elementor-element-56f6e97a e-flex e-con-boxed wpr-particle-no wpr-jarallax-no wpr-parallax-no wpr-sticky-section-no e-con e-parent\" data-id=\"56f6e97a\" data-element_type=\"container\" data-settings=\"{&quot;background_background&quot;:&quot;classic&quot;}\">\n\t\t\t\t\t<div class=\"e-con-inner\">\n\t\t\t\t<div class=\"elementor-element elementor-element-196b61f0 elementor-widget elementor-widget-heading\" data-id=\"196b61f0\" data-element_type=\"widget\" data-widget_type=\"heading.default\">\n\t\t\t\t<div class=\"elementor-widget-container\">\n\t\t\t\t\t<h2 class=\"elementor-heading-title elementor-size-default\">\n\n\nVeja tamb\u00e9m nosso outros produtos<\/h2>\t\t\t\t<\/div>\n\t\t\t\t<\/div>\n\t\t\t\t<div class=\"elementor-element elementor-element-2c4540a9 elementor-widget-mobile__width-initial elementor-widget__width-initial elementor-widget elementor-widget-htmega-postcarousel-addons\" data-id=\"2c4540a9\" data-element_type=\"widget\" data-settings=\"{&quot;_animation&quot;:&quot;none&quot;,&quot;carousel_post_type&quot;:&quot;page&quot;}\" data-widget_type=\"htmega-postcarousel-addons.default\">\n\t\t\t\t<div class=\"elementor-widget-container\">\n\t\t\t\t\t            <div class=\"post-carousel-wrapper htmega-postcarousel-layout-1 htmega-verticle-center-arrow sid2c4540a9\">\n                <div dir=\"ltr\" class=\"htmega-carousel-activation\" data-settings=\"{&quot;sectionid&quot;:&quot;sid2c4540a9&quot;,&quot;arrows&quot;:true,&quot;arrow_prev_txt&quot;:&quot;&lt;i class=\\&quot;fas fa-angle-left\\&quot;&gt;&lt;\\\/i&gt;&quot;,&quot;arrow_next_txt&quot;:&quot;&lt;i class=\\&quot;fas fa-angle-right\\&quot;&gt;&lt;\\\/i&gt;&quot;,&quot;dots&quot;:false,&quot;autoplay&quot;:false,&quot;autoplay_speed&quot;:3000,&quot;animation_speed&quot;:300,&quot;slloop&quot;:true,&quot;pause_on_hover&quot;:true,&quot;center_mode&quot;:false,&quot;center_padding&quot;:0,&quot;equal_height_column&quot;:false,&quot;equal_height_column_class&quot;:&quot;.post-inner&quot;,&quot;display_columns&quot;:3,&quot;scroll_columns&quot;:1,&quot;tablet_width&quot;:750,&quot;tablet_display_columns&quot;:1,&quot;tablet_scroll_columns&quot;:1,&quot;mobile_width&quot;:480,&quot;mobile_display_columns&quot;:1,&quot;mobile_scroll_columns&quot;:1}\" style=\"display:none;\">\n\n                    \n                                                    <div class=\"htmega-single-post-slide htmega-postslider-layout-1\" >\n                                <div class=\"thumb\">\n                                    <a href=\"https:\/\/effectus.ind.br\/index.php\/nitroquim\/\"><img decoding=\"async\" src=\"https:\/\/effectus.ind.br\/wp-content\/plugins\/ht-mega-for-elementor\/\/assets\/images\/image-placeholder.png\" alt=\"&lt;strong&gt;NITROQUIM&lt;\/strong&gt;\" \/><\/a>\n                                <\/div>\n                                            <div class=\"content \">\n                <div class=\"post-inner\">\n                    \n                    \n                                                <h2><a href=\"https:\/\/effectus.ind.br\/index.php\/nitroquim\/\">NITROQUIM<\/a><\/h2>\n                        \n                    \n                    <p>NITROQUIM \u00e9 um fertilizante mineral foliar composto \u00e0 base de&nbsp;nitrog\u00eanio nas tr\u00eas fontes (amoniacal, am\u00eddica e n\u00edtrica) essenciais para todo<\/p>\n                    \n                                            <div class=\"post-btn\">\n                            <a class=\"readmore-btn\" href=\"https:\/\/effectus.ind.br\/index.php\/nitroquim\/\">Leia Mais<\/a>\n                        <\/div>\n                    \n                <\/div>\n            <\/div>\n                                    <\/div>\n                        \n                        \n                                                    <div class=\"htmega-single-post-slide htmega-postslider-layout-1\" >\n                                <div class=\"thumb\">\n                                    <a href=\"https:\/\/effectus.ind.br\/index.php\/nitromix\/\"><img decoding=\"async\" src=\"https:\/\/effectus.ind.br\/wp-content\/plugins\/ht-mega-for-elementor\/\/assets\/images\/image-placeholder.png\" alt=\"&lt;strong&gt;NITROMIX&lt;\/strong&gt;\" \/><\/a>\n                                <\/div>\n                                            <div class=\"content \">\n                <div class=\"post-inner\">\n                    \n                    \n                                                <h2><a href=\"https:\/\/effectus.ind.br\/index.php\/nitromix\/\">NITROMIX<\/a><\/h2>\n                        \n                    \n                    <p>NITROMIX \u00e9 um adjuvante agr\u00edcola ativador com base nitrogenada nas formas amoniacal, amidica e n\u00edtrica, possui em sua formula\u00e7\u00e3o a<\/p>\n                    \n                                            <div class=\"post-btn\">\n                            <a class=\"readmore-btn\" href=\"https:\/\/effectus.ind.br\/index.php\/nitromix\/\">Leia Mais<\/a>\n                        <\/div>\n                    \n                <\/div>\n            <\/div>\n                                    <\/div>\n                        \n                        \n                                                    <div class=\"htmega-single-post-slide htmega-postslider-layout-1\" >\n                                <div class=\"thumb\">\n                                    <a href=\"https:\/\/effectus.ind.br\/index.php\/four-action\/\"><img decoding=\"async\" src=\"https:\/\/effectus.ind.br\/wp-content\/plugins\/ht-mega-for-elementor\/\/assets\/images\/image-placeholder.png\" alt=\"FOUR ACTION\" \/><\/a>\n                                <\/div>\n                                            <div class=\"content \">\n                <div class=\"post-inner\">\n                    \n                    \n                                                <h2><a href=\"https:\/\/effectus.ind.br\/index.php\/four-action\/\">FOUR ACTION<\/a><\/h2>\n                        \n                    \n                    <p>FOUR ACTION foi desenvolvido para otimizar o desempenho das pulveriza\u00e7\u00f5es agr\u00edcolas, promovendo maior reten\u00e7\u00e3o, cobertura e absor\u00e7\u00e3o dos produtos presentes<\/p>\n                    \n                                            <div class=\"post-btn\">\n                            <a class=\"readmore-btn\" href=\"https:\/\/effectus.ind.br\/index.php\/four-action\/\">Leia Mais<\/a>\n                        <\/div>\n                    \n                <\/div>\n            <\/div>\n                                    <\/div>\n                        \n                        \n                                                    <div class=\"htmega-single-post-slide htmega-postslider-layout-1\" >\n                                <div class=\"thumb\">\n                                    <a href=\"https:\/\/effectus.ind.br\/index.php\/total-nitro\/\"><img decoding=\"async\" src=\"https:\/\/effectus.ind.br\/wp-content\/plugins\/ht-mega-for-elementor\/\/assets\/images\/image-placeholder.png\" alt=\"&lt;strong&gt;TOTAL NITRO&lt;\/strong&gt;\" \/><\/a>\n                                <\/div>\n                                            <div class=\"content \">\n                <div class=\"post-inner\">\n                    \n                    \n                                                <h2><a href=\"https:\/\/effectus.ind.br\/index.php\/total-nitro\/\">TOTAL NITRO<\/a><\/h2>\n                        \n                    \n                    <p>TOTAL NITRO \u00e9 um fertilizante mineral foliar constitu\u00eddo pela combina\u00e7\u00e3o algas marinhas, amino\u00e1cidos e fontes de levedura (amoniacal, am\u00eddica e<\/p>\n                    \n                                            <div class=\"post-btn\">\n                            <a class=\"readmore-btn\" href=\"https:\/\/effectus.ind.br\/index.php\/total-nitro\/\">Leia Mais<\/a>\n                        <\/div>\n                    \n                <\/div>\n            <\/div>\n                                    <\/div>\n                        \n                        \n                                                    <div class=\"htmega-single-post-slide htmega-postslider-layout-1\" >\n                                <div class=\"thumb\">\n                                    <a href=\"https:\/\/effectus.ind.br\/index.php\/sano-plus\/\"><img decoding=\"async\" src=\"https:\/\/effectus.ind.br\/wp-content\/plugins\/ht-mega-for-elementor\/\/assets\/images\/image-placeholder.png\" alt=\"&lt;strong&gt;SANO PLUS&lt;\/strong&gt;\" \/><\/a>\n                                <\/div>\n                                            <div class=\"content \">\n                <div class=\"post-inner\">\n                    \n                    \n                                                <h2><a href=\"https:\/\/effectus.ind.br\/index.php\/sano-plus\/\">SANO PLUS<\/a><\/h2>\n                        \n                    \n                    <p>SANO PLUS \u00e9 um fertilizante mineral foliar , um fosfito de cobre formulado com enxofre e nitrog\u00eanio, elementos que atuam<\/p>\n                    \n                                            <div class=\"post-btn\">\n                            <a class=\"readmore-btn\" href=\"https:\/\/effectus.ind.br\/index.php\/sano-plus\/\">Leia Mais<\/a>\n                        <\/div>\n                    \n                <\/div>\n            <\/div>\n                                    <\/div>\n                        \n                        \n                <\/div>\n            <\/div>\n            \n            \n\n        \t\t\t\t<\/div>\n\t\t\t\t<\/div>\n\t\t\t\t\t<\/div>\n\t\t\t\t<\/div>\n\t\t\t\t<\/div>\n\t\t","protected":false},"excerpt":{"rendered":"<p>FOUR ACTION foi desenvolvido para otimizar o desempenho das pulveriza\u00e7\u00f5es agr\u00edcolas, promovendo maior reten\u00e7\u00e3o, cobertura e absor\u00e7\u00e3o dos produtos presentes na calda, mesmo em condi\u00e7\u00f5es ambientais variadas. Sem alterar as propriedades f\u00edsico-qu\u00edmicas da mistura, destaca-se por sua capacidade de reduzir a tens\u00e3o superficial das gotas, atuando como antideriva e minimizando perdas por deriva durante a aplica\u00e7\u00e3o. Sua formula\u00e7\u00e3o \u00e9 baseada em \u00f3leo vegetal natural extra\u00eddo do capim citronela (Cymbopogon winterianus), que potencializa a absor\u00e7\u00e3o dos defensivos e retarda a evapora\u00e7\u00e3o das gotas, tornando o processo mais eficiente e seguro. Benef\u00edcios na calda:\u00a0 Antivolatilizante; Aumento da intera\u00e7\u00e3o dos produtos aplicados; Estabilidade e homogeneidade na calda. Benef\u00edcios na aplica\u00e7\u00e3o:\u00a0 Quebra de tens\u00e3o superficial; R\u00e1pida absor\u00e7\u00e3o pela planta; Espalhante adesivo; Antideriva. Compatibilidades: herbicidas inseticidas Fungicidas; Fertilizantes foliares. Por que usar? Sua f\u00f3rmula a base de citronela possui a\u00e7\u00e3o repelente . Al\u00e9m de possuir a\u00e7\u00e3o permeabilizante, penetrando na folhagem entre os espa\u00e7os existentes na cera da folha sem destruir a prote\u00e7\u00e3o da cut\u00edcula. Usando FOUR ACTION e EFFECTUS SS em conjunto, os resultados ser\u00e3o ainda mais fortes j\u00e1 que os produtos s\u00e3o complementares. Informa\u00e7\u00f5es T\u00e9cnicas: Densidade: 1,03 g \/L Garantia: 2,3% Nitrog\u00eanio Mat\u00e9ria Prima: \u00e1gua, ur\u00e9ia, \u00f3leo citronela, aditivos e tensoativos. N\u00b0 de registro do produto no MAPA SC 003347-2.00005 Fabricante: Brasil Fertilizantes LTDA Veja tamb\u00e9m nosso outros produtos NITROQUIM NITROQUIM \u00e9 um fertilizante mineral foliar composto \u00e0 base de&nbsp;nitrog\u00eanio nas tr\u00eas fontes (amoniacal, am\u00eddica e n\u00edtrica) essenciais para todo Leia Mais NITROMIX NITROMIX \u00e9 um adjuvante agr\u00edcola ativador com base nitrogenada nas formas amoniacal, amidica e n\u00edtrica, possui em sua formula\u00e7\u00e3o a Leia Mais FOUR ACTION FOUR ACTION foi desenvolvido para otimizar o desempenho das pulveriza\u00e7\u00f5es agr\u00edcolas, promovendo maior reten\u00e7\u00e3o, cobertura e absor\u00e7\u00e3o dos produtos presentes Leia Mais Effectus ORG Effectus ORG\u00ae\ufe0f \u00e9 um fertilizante mineral foliar de alta solubilidade (99%), desenvolvido para r\u00e1pida absor\u00e7\u00e3o pelos tecidos das plantas. Sua Leia Mais TOTAL NITRO TOTAL NITRO \u00e9 um fertilizante mineral foliar constitu\u00eddo pela combina\u00e7\u00e3o algas marinhas, amino\u00e1cidos e fontes de levedura (amoniacal, am\u00eddica e Leia Mais<\/p>\n","protected":false},"author":1,"featured_media":0,"parent":0,"menu_order":0,"comment_status":"closed","ping_status":"closed","template":"elementor_header_footer","meta":{"neve_meta_sidebar":"","neve_meta_container":"","neve_meta_enable_content_width":"","neve_meta_content_width":0,"neve_meta_title_alignment":"","neve_meta_author_avatar":"","neve_post_elements_order":"","neve_meta_disable_header":"","neve_meta_disable_footer":"","neve_meta_disable_title":"","_joinchat":[],"footnotes":""},"class_list":["post-419","page","type-page","status-publish","hentry"],"_links":{"self":[{"href":"https:\/\/effectus.ind.br\/index.php\/wp-json\/wp\/v2\/pages\/419","targetHints":{"allow":["GET"]}}],"collection":[{"href":"https:\/\/effectus.ind.br\/index.php\/wp-json\/wp\/v2\/pages"}],"about":[{"href":"https:\/\/effectus.ind.br\/index.php\/wp-json\/wp\/v2\/types\/page"}],"author":[{"embeddable":true,"href":"https:\/\/effectus.ind.br\/index.php\/wp-json\/wp\/v2\/users\/1"}],"replies":[{"embeddable":true,"href":"https:\/\/effectus.ind.br\/index.php\/wp-json\/wp\/v2\/comments?post=419"}],"version-history":[{"count":53,"href":"https:\/\/effectus.ind.br\/index.php\/wp-json\/wp\/v2\/pages\/419\/revisions"}],"predecessor-version":[{"id":1666,"href":"https:\/\/effectus.ind.br\/index.php\/wp-json\/wp\/v2\/pages\/419\/revisions\/1666"}],"wp:attachment":[{"href":"https:\/\/effectus.ind.br\/index.php\/wp-json\/wp\/v2\/media?parent=419"}],"curies":[{"name":"wp","href":"https:\/\/api.w.org\/{rel}","templated":true}]}}